{"id":27720,"date":"2025-07-17T03:09:27","date_gmt":"2025-07-17T03:09:27","guid":{"rendered":"https:\/\/jiangbosigns.com\/marques-partenaires\/"},"modified":"2025-08-07T08:18:06","modified_gmt":"2025-08-07T08:18:06","slug":"marques-partenaires","status":"publish","type":"page","link":"https:\/\/jiangbosigns.com\/fr\/marques-partenaires\/","title":{"rendered":"Marques partenaires"},"content":{"rendered":"\t\t<div data-elementor-type=\"wp-page\" data-elementor-id=\"27720\" class=\"elementor elementor-27720 elementor-22080\" data-elementor-post-type=\"page\">\n\t\t\t\t\t\t<section class=\"elementor-section elementor-top-section elementor-element elementor-element-35f79ed elementor-section-boxed elementor-section-height-default elementor-section-height-default\" data-id=\"35f79ed\" data-element_type=\"section\" data-settings=\"{&quot;background_background&quot;:&quot;classic&quot;}\">\n\t\t\t\t\t\t\t<div class=\"elementor-background-overlay\"><\/div>\n\t\t\t\t\t\t\t<div class=\"elementor-container elementor-column-gap-no\">\n\t\t\t\t\t<div class=\"elementor-column elementor-col-100 elementor-top-column elementor-element elementor-element-7e7c4d8\" data-id=\"7e7c4d8\" data-element_type=\"column\" data-settings=\"{&quot;background_background&quot;:&quot;classic&quot;}\">\n\t\t\t<div class=\"elementor-widget-wrap elementor-element-populated\">\n\t\t\t\t\t\t<div class=\"elementor-element elementor-element-6208545 elementor-widget__width-initial animated-fast elementor-invisible elementor-widget elementor-widget-heading\" data-id=\"6208545\" data-element_type=\"widget\" data-settings=\"{&quot;_animation&quot;:&quot;fadeInUp&quot;,&quot;_animation_mobile&quot;:&quot;none&quot;}\" data-widget_type=\"heading.default\">\n\t\t\t\t<div class=\"elementor-widget-container\">\n\t\t\t\t\t<h2 class=\"elementor-heading-title elementor-size-default\">Marques partenaires<\/h2>\t\t\t\t<\/div>\n\t\t\t\t<\/div>\n\t\t\t\t\t<\/div>\n\t\t<\/div>\n\t\t\t\t\t<\/div>\n\t\t<\/section>\n\t\t<div class=\"elementor-element elementor-element-345b9c1 e-flex e-con-boxed e-con e-parent\" data-id=\"345b9c1\" data-element_type=\"container\">\n\t\t\t\t\t<div class=\"e-con-inner\">\n\t\t\t\t<div class=\"elementor-element elementor-element-24b2518 elementor-widget__width-initial animated-fast elementor-widget-tablet__width-inherit elementor-invisible elementor-widget elementor-widget-heading\" data-id=\"24b2518\" data-element_type=\"widget\" data-settings=\"{&quot;_animation&quot;:&quot;fadeInRight&quot;,&quot;_animation_mobile&quot;:&quot;none&quot;}\" data-widget_type=\"heading.default\">\n\t\t\t\t<div class=\"elementor-widget-container\">\n\t\t\t\t\t<p class=\"elementor-heading-title elementor-size-default\">Nous sommes fiers de collaborer avec un large \u00e9ventail de clients internationaux dans les secteurs de la fabrication, de l'\u00e9ducation, de l'\u00e9nergie, de la logistique, de la sant\u00e9, et plus encore.<br>Merci \u00e0 nos partenaires pour leur confiance et leur soutien continus : <\/p>\t\t\t\t<\/div>\n\t\t\t\t<\/div>\n\t\t\t\t\t<\/div>\n\t\t\t\t<\/div>\n\t\t<div class=\"elementor-element elementor-element-3b36438 e-flex e-con-boxed e-con e-parent\" data-id=\"3b36438\" data-element_type=\"container\">\n\t\t\t\t\t<div class=\"e-con-inner\">\n\t\t<div class=\"elementor-element elementor-element-6fb4f60 e-grid e-con-full e-con e-child\" data-id=\"6fb4f60\" data-element_type=\"container\">\n\t\t\t\t<div class=\"elementor-element elementor-element-5080a27 elementor-widget elementor-widget-image\" data-id=\"5080a27\" data-element_type=\"widget\" data-widget_type=\"image.default\">\n\t\t\t\t<div class=\"elementor-widget-container\">\n\t\t\t\t\t\t\t\t\t\t\t\t\t\t\t<img fetchpriority=\"high\" decoding=\"async\" width=\"600\" height=\"600\" src=\"https:\/\/jiangbosigns.com\/wp-content\/uploads\/2025\/07\/Brands01.png\" class=\"attachment-full size-full wp-image-26009\" alt=\"\" srcset=\"https:\/\/jiangbosigns.com\/wp-content\/uploads\/2025\/07\/Brands01.png 600w, https:\/\/jiangbosigns.com\/wp-content\/uploads\/2025\/07\/Brands01-100x100.png 100w, https:\/\/jiangbosigns.com\/wp-content\/uploads\/2025\/07\/Brands01-300x300.png 300w, https:\/\/jiangbosigns.com\/wp-content\/uploads\/2025\/07\/Brands01-150x150.png 150w\" sizes=\"(max-width: 600px) 100vw, 600px\" \/>\t\t\t\t\t\t\t\t\t\t\t\t\t\t\t<\/div>\n\t\t\t\t<\/div>\n\t\t\t\t<div class=\"elementor-element elementor-element-126fc59 elementor-widget elementor-widget-image\" data-id=\"126fc59\" data-element_type=\"widget\" data-widget_type=\"image.default\">\n\t\t\t\t<div class=\"elementor-widget-container\">\n\t\t\t\t\t\t\t\t\t\t\t\t\t\t\t<img decoding=\"async\" width=\"600\" height=\"600\" src=\"https:\/\/jiangbosigns.com\/wp-content\/uploads\/2025\/07\/Brands02.png\" class=\"attachment-full size-full wp-image-26016\" alt=\"\" srcset=\"https:\/\/jiangbosigns.com\/wp-content\/uploads\/2025\/07\/Brands02.png 600w, https:\/\/jiangbosigns.com\/wp-content\/uploads\/2025\/07\/Brands02-100x100.png 100w, https:\/\/jiangbosigns.com\/wp-content\/uploads\/2025\/07\/Brands02-300x300.png 300w, https:\/\/jiangbosigns.com\/wp-content\/uploads\/2025\/07\/Brands02-150x150.png 150w\" sizes=\"(max-width: 600px) 100vw, 600px\" \/>\t\t\t\t\t\t\t\t\t\t\t\t\t\t\t<\/div>\n\t\t\t\t<\/div>\n\t\t\t\t<div class=\"elementor-element elementor-element-6c112d0 elementor-widget elementor-widget-image\" data-id=\"6c112d0\" data-element_type=\"widget\" data-widget_type=\"image.default\">\n\t\t\t\t<div class=\"elementor-widget-container\">\n\t\t\t\t\t\t\t\t\t\t\t\t\t\t\t<img decoding=\"async\" width=\"600\" height=\"600\" src=\"https:\/\/jiangbosigns.com\/wp-content\/uploads\/2025\/07\/Brands03.png\" class=\"attachment-full size-full wp-image-25953\" alt=\"\" srcset=\"https:\/\/jiangbosigns.com\/wp-content\/uploads\/2025\/07\/Brands03.png 600w, https:\/\/jiangbosigns.com\/wp-content\/uploads\/2025\/07\/Brands03-100x100.png 100w, https:\/\/jiangbosigns.com\/wp-content\/uploads\/2025\/07\/Brands03-300x300.png 300w, https:\/\/jiangbosigns.com\/wp-content\/uploads\/2025\/07\/Brands03-150x150.png 150w\" sizes=\"(max-width: 600px) 100vw, 600px\" \/>\t\t\t\t\t\t\t\t\t\t\t\t\t\t\t<\/div>\n\t\t\t\t<\/div>\n\t\t\t\t<div class=\"elementor-element elementor-element-8f20dab elementor-widget elementor-widget-image\" data-id=\"8f20dab\" data-element_type=\"widget\" data-widget_type=\"image.default\">\n\t\t\t\t<div class=\"elementor-widget-container\">\n\t\t\t\t\t\t\t\t\t\t\t\t\t\t\t<img loading=\"lazy\" decoding=\"async\" width=\"600\" height=\"600\" src=\"https:\/\/jiangbosigns.com\/wp-content\/uploads\/2025\/07\/Brands04.png\" class=\"attachment-full size-full wp-image-25960\" alt=\"\" srcset=\"https:\/\/jiangbosigns.com\/wp-content\/uploads\/2025\/07\/Brands04.png 600w, https:\/\/jiangbosigns.com\/wp-content\/uploads\/2025\/07\/Brands04-100x100.png 100w, https:\/\/jiangbosigns.com\/wp-content\/uploads\/2025\/07\/Brands04-300x300.png 300w, https:\/\/jiangbosigns.com\/wp-content\/uploads\/2025\/07\/Brands04-150x150.png 150w\" sizes=\"(max-width: 600px) 100vw, 600px\" \/>\t\t\t\t\t\t\t\t\t\t\t\t\t\t\t<\/div>\n\t\t\t\t<\/div>\n\t\t\t\t<div class=\"elementor-element elementor-element-164f3bb elementor-widget elementor-widget-image\" data-id=\"164f3bb\" data-element_type=\"widget\" data-widget_type=\"image.default\">\n\t\t\t\t<div class=\"elementor-widget-container\">\n\t\t\t\t\t\t\t\t\t\t\t\t\t\t\t<img loading=\"lazy\" decoding=\"async\" width=\"600\" height=\"600\" src=\"https:\/\/jiangbosigns.com\/wp-content\/uploads\/2025\/07\/Brands05.png\" class=\"attachment-full size-full wp-image-25967\" alt=\"\" srcset=\"https:\/\/jiangbosigns.com\/wp-content\/uploads\/2025\/07\/Brands05.png 600w, https:\/\/jiangbosigns.com\/wp-content\/uploads\/2025\/07\/Brands05-100x100.png 100w, https:\/\/jiangbosigns.com\/wp-content\/uploads\/2025\/07\/Brands05-300x300.png 300w, https:\/\/jiangbosigns.com\/wp-content\/uploads\/2025\/07\/Brands05-150x150.png 150w\" sizes=\"(max-width: 600px) 100vw, 600px\" \/>\t\t\t\t\t\t\t\t\t\t\t\t\t\t\t<\/div>\n\t\t\t\t<\/div>\n\t\t\t\t<div class=\"elementor-element elementor-element-18f673f elementor-widget elementor-widget-image\" data-id=\"18f673f\" data-element_type=\"widget\" data-widget_type=\"image.default\">\n\t\t\t\t<div class=\"elementor-widget-container\">\n\t\t\t\t\t\t\t\t\t\t\t\t\t\t\t<img loading=\"lazy\" decoding=\"async\" width=\"600\" height=\"600\" src=\"https:\/\/jiangbosigns.com\/wp-content\/uploads\/2025\/07\/Brands06.png\" class=\"attachment-full size-full wp-image-25974\" alt=\"\" srcset=\"https:\/\/jiangbosigns.com\/wp-content\/uploads\/2025\/07\/Brands06.png 600w, https:\/\/jiangbosigns.com\/wp-content\/uploads\/2025\/07\/Brands06-100x100.png 100w, https:\/\/jiangbosigns.com\/wp-content\/uploads\/2025\/07\/Brands06-300x300.png 300w, https:\/\/jiangbosigns.com\/wp-content\/uploads\/2025\/07\/Brands06-150x150.png 150w\" sizes=\"(max-width: 600px) 100vw, 600px\" \/>\t\t\t\t\t\t\t\t\t\t\t\t\t\t\t<\/div>\n\t\t\t\t<\/div>\n\t\t\t\t<div class=\"elementor-element elementor-element-4b4f811 elementor-widget elementor-widget-image\" data-id=\"4b4f811\" data-element_type=\"widget\" data-widget_type=\"image.default\">\n\t\t\t\t<div class=\"elementor-widget-container\">\n\t\t\t\t\t\t\t\t\t\t\t\t\t\t\t<img loading=\"lazy\" decoding=\"async\" width=\"600\" height=\"600\" src=\"https:\/\/jiangbosigns.com\/wp-content\/uploads\/2025\/07\/Brands07.png\" class=\"attachment-full size-full wp-image-25981\" alt=\"\" srcset=\"https:\/\/jiangbosigns.com\/wp-content\/uploads\/2025\/07\/Brands07.png 600w, https:\/\/jiangbosigns.com\/wp-content\/uploads\/2025\/07\/Brands07-100x100.png 100w, https:\/\/jiangbosigns.com\/wp-content\/uploads\/2025\/07\/Brands07-300x300.png 300w, https:\/\/jiangbosigns.com\/wp-content\/uploads\/2025\/07\/Brands07-150x150.png 150w\" sizes=\"(max-width: 600px) 100vw, 600px\" \/>\t\t\t\t\t\t\t\t\t\t\t\t\t\t\t<\/div>\n\t\t\t\t<\/div>\n\t\t\t\t<div class=\"elementor-element elementor-element-ef7dfd0 elementor-widget elementor-widget-image\" data-id=\"ef7dfd0\" data-element_type=\"widget\" data-widget_type=\"image.default\">\n\t\t\t\t<div class=\"elementor-widget-container\">\n\t\t\t\t\t\t\t\t\t\t\t\t\t\t\t<img loading=\"lazy\" decoding=\"async\" width=\"600\" height=\"600\" src=\"https:\/\/jiangbosigns.com\/wp-content\/uploads\/2025\/07\/Brands08.png\" class=\"attachment-full size-full wp-image-25988\" alt=\"\" srcset=\"https:\/\/jiangbosigns.com\/wp-content\/uploads\/2025\/07\/Brands08.png 600w, https:\/\/jiangbosigns.com\/wp-content\/uploads\/2025\/07\/Brands08-100x100.png 100w, https:\/\/jiangbosigns.com\/wp-content\/uploads\/2025\/07\/Brands08-300x300.png 300w, https:\/\/jiangbosigns.com\/wp-content\/uploads\/2025\/07\/Brands08-150x150.png 150w\" sizes=\"(max-width: 600px) 100vw, 600px\" \/>\t\t\t\t\t\t\t\t\t\t\t\t\t\t\t<\/div>\n\t\t\t\t<\/div>\n\t\t\t\t<div class=\"elementor-element elementor-element-7d5a896 elementor-widget elementor-widget-image\" data-id=\"7d5a896\" data-element_type=\"widget\" data-widget_type=\"image.default\">\n\t\t\t\t<div class=\"elementor-widget-container\">\n\t\t\t\t\t\t\t\t\t\t\t\t\t\t\t<img loading=\"lazy\" decoding=\"async\" width=\"600\" height=\"600\" src=\"https:\/\/jiangbosigns.com\/wp-content\/uploads\/2025\/07\/Brands09.png\" class=\"attachment-full size-full wp-image-25995\" alt=\"\" srcset=\"https:\/\/jiangbosigns.com\/wp-content\/uploads\/2025\/07\/Brands09.png 600w, https:\/\/jiangbosigns.com\/wp-content\/uploads\/2025\/07\/Brands09-100x100.png 100w, https:\/\/jiangbosigns.com\/wp-content\/uploads\/2025\/07\/Brands09-300x300.png 300w, https:\/\/jiangbosigns.com\/wp-content\/uploads\/2025\/07\/Brands09-150x150.png 150w\" sizes=\"(max-width: 600px) 100vw, 600px\" \/>\t\t\t\t\t\t\t\t\t\t\t\t\t\t\t<\/div>\n\t\t\t\t<\/div>\n\t\t\t\t<div class=\"elementor-element elementor-element-f9cee9d elementor-widget elementor-widget-image\" data-id=\"f9cee9d\" data-element_type=\"widget\" data-widget_type=\"image.default\">\n\t\t\t\t<div class=\"elementor-widget-container\">\n\t\t\t\t\t\t\t\t\t\t\t\t\t\t\t<img loading=\"lazy\" decoding=\"async\" width=\"600\" height=\"600\" src=\"https:\/\/jiangbosigns.com\/wp-content\/uploads\/2025\/07\/Brands010.png\" class=\"attachment-full size-full wp-image-26002\" alt=\"\" srcset=\"https:\/\/jiangbosigns.com\/wp-content\/uploads\/2025\/07\/Brands010.png 600w, https:\/\/jiangbosigns.com\/wp-content\/uploads\/2025\/07\/Brands010-100x100.png 100w, https:\/\/jiangbosigns.com\/wp-content\/uploads\/2025\/07\/Brands010-300x300.png 300w, https:\/\/jiangbosigns.com\/wp-content\/uploads\/2025\/07\/Brands010-150x150.png 150w\" sizes=\"(max-width: 600px) 100vw, 600px\" \/>\t\t\t\t\t\t\t\t\t\t\t\t\t\t\t<\/div>\n\t\t\t\t<\/div>\n\t\t\t\t<\/div>\n\t\t\t\t\t<\/div>\n\t\t\t\t<\/div>\n\t\t\t\t<\/div>\n\t\t","protected":false},"excerpt":{"rendered":"<p>Nous sommes fiers de collaborer avec un large \u00e9ventail de clients internationaux dans les secteurs de la fabrication, de l&rsquo;\u00e9ducation, de l&rsquo;\u00e9nergie, de la logistique, de la sant\u00e9, et plus encore.Merci \u00e0 nos partenaires pour leur confiance et leur soutien continus :<\/p>\n","protected":false},"author":1,"featured_media":0,"parent":0,"menu_order":0,"comment_status":"closed","ping_status":"closed","template":"elementor_header_footer","meta":{"footnotes":""},"class_list":["post-27720","page","type-page","status-publish","hentry"],"_links":{"self":[{"href":"https:\/\/jiangbosigns.com\/fr\/wp-json\/wp\/v2\/pages\/27720","targetHints":{"allow":["GET"]}}],"collection":[{"href":"https:\/\/jiangbosigns.com\/fr\/wp-json\/wp\/v2\/pages"}],"about":[{"href":"https:\/\/jiangbosigns.com\/fr\/wp-json\/wp\/v2\/types\/page"}],"author":[{"embeddable":true,"href":"https:\/\/jiangbosigns.com\/fr\/wp-json\/wp\/v2\/users\/1"}],"replies":[{"embeddable":true,"href":"https:\/\/jiangbosigns.com\/fr\/wp-json\/wp\/v2\/comments?post=27720"}],"version-history":[{"count":1,"href":"https:\/\/jiangbosigns.com\/fr\/wp-json\/wp\/v2\/pages\/27720\/revisions"}],"predecessor-version":[{"id":27721,"href":"https:\/\/jiangbosigns.com\/fr\/wp-json\/wp\/v2\/pages\/27720\/revisions\/27721"}],"wp:attachment":[{"href":"https:\/\/jiangbosigns.com\/fr\/wp-json\/wp\/v2\/media?parent=27720"}],"curies":[{"name":"wp","href":"https:\/\/api.w.org\/{rel}","templated":true}]}}