{"id":27696,"date":"2025-07-17T03:08:35","date_gmt":"2025-07-17T03:08:35","guid":{"rendered":"https:\/\/jiangbosigns.com\/diagramme-du-processus-de-cooperation-en-5-etapes\/"},"modified":"2025-08-07T07:59:10","modified_gmt":"2025-08-07T07:59:10","slug":"diagramme-du-processus-de-cooperation-en-5-etapes","status":"publish","type":"page","link":"https:\/\/jiangbosigns.com\/fr\/diagramme-du-processus-de-cooperation-en-5-etapes\/","title":{"rendered":"Diagramme du processus de coop\u00e9ration en 5 \u00e9tapes"},"content":{"rendered":"\t\t<div data-elementor-type=\"wp-page\" data-elementor-id=\"27696\" class=\"elementor elementor-27696 elementor-22078\" data-elementor-post-type=\"page\">\n\t\t\t\t\t\t<section class=\"elementor-section elementor-top-section elementor-element elementor-element-62df3f9 elementor-section-boxed elementor-section-height-default elementor-section-height-default\" data-id=\"62df3f9\" data-element_type=\"section\" data-settings=\"{&quot;background_background&quot;:&quot;classic&quot;}\">\n\t\t\t\t\t\t\t<div class=\"elementor-background-overlay\"><\/div>\n\t\t\t\t\t\t\t<div class=\"elementor-container elementor-column-gap-no\">\n\t\t\t\t\t<div class=\"elementor-column elementor-col-100 elementor-top-column elementor-element elementor-element-57a219b\" data-id=\"57a219b\" data-element_type=\"column\" data-settings=\"{&quot;background_background&quot;:&quot;classic&quot;}\">\n\t\t\t<div class=\"elementor-widget-wrap elementor-element-populated\">\n\t\t\t\t\t\t<div class=\"elementor-element elementor-element-82a4e36 elementor-widget__width-initial animated-fast elementor-invisible elementor-widget elementor-widget-heading\" data-id=\"82a4e36\" data-element_type=\"widget\" data-settings=\"{&quot;_animation&quot;:&quot;fadeInUp&quot;,&quot;_animation_mobile&quot;:&quot;none&quot;}\" data-widget_type=\"heading.default\">\n\t\t\t\t<div class=\"elementor-widget-container\">\n\t\t\t\t\t<h2 class=\"elementor-heading-title elementor-size-default\">Diagramme du processus de coop\u00e9ration en 5 \u00e9tapes<\/h2>\t\t\t\t<\/div>\n\t\t\t\t<\/div>\n\t\t\t\t\t<\/div>\n\t\t<\/div>\n\t\t\t\t\t<\/div>\n\t\t<\/section>\n\t\t<div class=\"elementor-element elementor-element-28603c1 e-flex e-con-boxed e-con e-parent\" data-id=\"28603c1\" data-element_type=\"container\" data-settings=\"{&quot;background_background&quot;:&quot;classic&quot;}\">\n\t\t\t\t\t<div class=\"e-con-inner\">\n\t\t\t\t<div class=\"elementor-element elementor-element-df982de elementor-widget__width-initial animated-fast elementor-widget-tablet__width-inherit elementor-invisible elementor-widget elementor-widget-heading\" data-id=\"df982de\" data-element_type=\"widget\" data-settings=\"{&quot;_animation&quot;:&quot;fadeInRight&quot;,&quot;_animation_mobile&quot;:&quot;none&quot;}\" data-widget_type=\"heading.default\">\n\t\t\t\t<div class=\"elementor-widget-container\">\n\t\t\t\t\t<p class=\"elementor-heading-title elementor-size-default\">Seulement 5 \u00e9tapes pour commencer<\/p>\t\t\t\t<\/div>\n\t\t\t\t<\/div>\n\t\t\t\t\t<\/div>\n\t\t\t\t<\/div>\n\t\t<div class=\"elementor-element elementor-element-fd08d15 elementor-hidden-mobile e-flex e-con-boxed e-con e-parent\" data-id=\"fd08d15\" data-element_type=\"container\" data-settings=\"{&quot;background_background&quot;:&quot;classic&quot;}\">\n\t\t\t\t\t<div class=\"e-con-inner\">\n\t\t<div class=\"elementor-element elementor-element-f39f865 e-grid e-con-full e-con e-child\" data-id=\"f39f865\" data-element_type=\"container\">\n\t\t<div class=\"elementor-element elementor-element-e1168fa e-con-full e-flex e-con e-child\" data-id=\"e1168fa\" data-element_type=\"container\" data-settings=\"{&quot;background_background&quot;:&quot;classic&quot;}\">\n\t\t\t\t<div class=\"elementor-element elementor-element-1f96c47 elementor-widget elementor-widget-image\" data-id=\"1f96c47\" data-element_type=\"widget\" data-widget_type=\"image.default\">\n\t\t\t\t<div class=\"elementor-widget-container\">\n\t\t\t\t\t\t\t\t\t\t\t\t\t\t\t<img fetchpriority=\"high\" decoding=\"async\" width=\"695\" height=\"483\" src=\"https:\/\/jiangbosigns.com\/wp-content\/uploads\/2025\/07\/100-1.png\" class=\"attachment-full size-full wp-image-26093\" alt=\"\" srcset=\"https:\/\/jiangbosigns.com\/wp-content\/uploads\/2025\/07\/100-1.png 695w, https:\/\/jiangbosigns.com\/wp-content\/uploads\/2025\/07\/100-1-300x208.png 300w\" sizes=\"(max-width: 695px) 100vw, 695px\" \/>\t\t\t\t\t\t\t\t\t\t\t\t\t\t\t<\/div>\n\t\t\t\t<\/div>\n\t\t\t\t<div class=\"elementor-element elementor-element-8261018 elementor-widget__width-initial elementor-widget elementor-widget-heading\" data-id=\"8261018\" data-element_type=\"widget\" data-widget_type=\"heading.default\">\n\t\t\t\t<div class=\"elementor-widget-container\">\n\t\t\t\t\t<h2 class=\"elementor-heading-title elementor-size-default\">Communication initiale<\/h2>\t\t\t\t<\/div>\n\t\t\t\t<\/div>\n\t\t\t\t<div class=\"elementor-element elementor-element-63ba7f1 elementor-widget__width-initial elementor-widget elementor-widget-heading\" data-id=\"63ba7f1\" data-element_type=\"widget\" data-widget_type=\"heading.default\">\n\t\t\t\t<div class=\"elementor-widget-container\">\n\t\t\t\t\t<h2 class=\"elementor-heading-title elementor-size-default\">1<\/h2>\t\t\t\t<\/div>\n\t\t\t\t<\/div>\n\t\t\t\t<div class=\"elementor-element elementor-element-631312d elementor-widget__width-initial elementor-widget elementor-widget-text-editor\" data-id=\"631312d\" data-element_type=\"widget\" data-widget_type=\"text-editor.default\">\n\t\t\t\t<div class=\"elementor-widget-container\">\n\t\t\t\t\t\t\t\t\tSoumettre le formulaire ou contacter notre \u00e9quipe\t\t\t\t\t\t\t\t<\/div>\n\t\t\t\t<\/div>\n\t\t\t\t<\/div>\n\t\t<div class=\"elementor-element elementor-element-79634da e-con-full e-flex e-con e-child\" data-id=\"79634da\" data-element_type=\"container\" data-settings=\"{&quot;background_background&quot;:&quot;classic&quot;}\">\n\t\t\t\t<div class=\"elementor-element elementor-element-7eb1219 elementor-widget elementor-widget-image\" data-id=\"7eb1219\" data-element_type=\"widget\" data-widget_type=\"image.default\">\n\t\t\t\t<div class=\"elementor-widget-container\">\n\t\t\t\t\t\t\t\t\t\t\t\t\t\t\t<img decoding=\"async\" width=\"695\" height=\"483\" src=\"https:\/\/jiangbosigns.com\/wp-content\/uploads\/2025\/07\/100-2.png\" class=\"attachment-full size-full wp-image-26086\" alt=\"\" srcset=\"https:\/\/jiangbosigns.com\/wp-content\/uploads\/2025\/07\/100-2.png 695w, https:\/\/jiangbosigns.com\/wp-content\/uploads\/2025\/07\/100-2-300x208.png 300w\" sizes=\"(max-width: 695px) 100vw, 695px\" \/>\t\t\t\t\t\t\t\t\t\t\t\t\t\t\t<\/div>\n\t\t\t\t<\/div>\n\t\t\t\t<div class=\"elementor-element elementor-element-af8b3e1 elementor-widget__width-initial elementor-widget elementor-widget-heading\" data-id=\"af8b3e1\" data-element_type=\"widget\" data-widget_type=\"heading.default\">\n\t\t\t\t<div class=\"elementor-widget-container\">\n\t\t\t\t\t<h2 class=\"elementor-heading-title elementor-size-default\">Validation de la solution<\/h2>\t\t\t\t<\/div>\n\t\t\t\t<\/div>\n\t\t\t\t<div class=\"elementor-element elementor-element-6abe13a elementor-widget__width-initial elementor-widget elementor-widget-heading\" data-id=\"6abe13a\" data-element_type=\"widget\" data-widget_type=\"heading.default\">\n\t\t\t\t<div class=\"elementor-widget-container\">\n\t\t\t\t\t<h2 class=\"elementor-heading-title elementor-size-default\">2<\/h2>\t\t\t\t<\/div>\n\t\t\t\t<\/div>\n\t\t\t\t<div class=\"elementor-element elementor-element-6d959d3 elementor-widget__width-initial elementor-widget elementor-widget-text-editor\" data-id=\"6d959d3\" data-element_type=\"widget\" data-widget_type=\"text-editor.default\">\n\t\t\t\t<div class=\"elementor-widget-container\">\n\t\t\t\t\t\t\t\t\tNous fournissons des croquis, \u00e9chantillons ou devis\t\t\t\t\t\t\t\t<\/div>\n\t\t\t\t<\/div>\n\t\t\t\t<\/div>\n\t\t<div class=\"elementor-element elementor-element-3ed0811 e-con-full e-flex e-con e-child\" data-id=\"3ed0811\" data-element_type=\"container\" data-settings=\"{&quot;background_background&quot;:&quot;classic&quot;}\">\n\t\t\t\t<div class=\"elementor-element elementor-element-8c840af elementor-widget elementor-widget-image\" data-id=\"8c840af\" data-element_type=\"widget\" data-widget_type=\"image.default\">\n\t\t\t\t<div class=\"elementor-widget-container\">\n\t\t\t\t\t\t\t\t\t\t\t\t\t\t\t<img decoding=\"async\" width=\"695\" height=\"483\" src=\"https:\/\/jiangbosigns.com\/wp-content\/uploads\/2025\/07\/100-3.png\" class=\"attachment-full size-full wp-image-26079\" alt=\"\" srcset=\"https:\/\/jiangbosigns.com\/wp-content\/uploads\/2025\/07\/100-3.png 695w, https:\/\/jiangbosigns.com\/wp-content\/uploads\/2025\/07\/100-3-300x208.png 300w\" sizes=\"(max-width: 695px) 100vw, 695px\" \/>\t\t\t\t\t\t\t\t\t\t\t\t\t\t\t<\/div>\n\t\t\t\t<\/div>\n\t\t\t\t<div class=\"elementor-element elementor-element-dc6cf66 elementor-widget__width-initial elementor-widget elementor-widget-heading\" data-id=\"dc6cf66\" data-element_type=\"widget\" data-widget_type=\"heading.default\">\n\t\t\t\t<div class=\"elementor-widget-container\">\n\t\t\t\t\t<h2 class=\"elementor-heading-title elementor-size-default\">Accord contractuel<\/h2>\t\t\t\t<\/div>\n\t\t\t\t<\/div>\n\t\t\t\t<div class=\"elementor-element elementor-element-55d4a4c elementor-widget__width-initial elementor-widget elementor-widget-heading\" data-id=\"55d4a4c\" data-element_type=\"widget\" data-widget_type=\"heading.default\">\n\t\t\t\t<div class=\"elementor-widget-container\">\n\t\t\t\t\t<h2 class=\"elementor-heading-title elementor-size-default\">3<\/h2>\t\t\t\t<\/div>\n\t\t\t\t<\/div>\n\t\t\t\t<div class=\"elementor-element elementor-element-821c92e elementor-widget__width-initial elementor-widget elementor-widget-text-editor\" data-id=\"821c92e\" data-element_type=\"widget\" data-widget_type=\"text-editor.default\">\n\t\t\t\t<div class=\"elementor-widget-container\">\n\t\t\t\t\t\t\t\t\tFinalisation des conditions, d\u00e9lais et paiement\t\t\t\t\t\t\t\t<\/div>\n\t\t\t\t<\/div>\n\t\t\t\t<\/div>\n\t\t<div class=\"elementor-element elementor-element-0af255f e-con-full e-flex e-con e-child\" data-id=\"0af255f\" data-element_type=\"container\" data-settings=\"{&quot;background_background&quot;:&quot;classic&quot;}\">\n\t\t\t\t<div class=\"elementor-element elementor-element-f5dad10 elementor-widget elementor-widget-image\" data-id=\"f5dad10\" data-element_type=\"widget\" data-widget_type=\"image.default\">\n\t\t\t\t<div class=\"elementor-widget-container\">\n\t\t\t\t\t\t\t\t\t\t\t\t\t\t\t<img loading=\"lazy\" decoding=\"async\" width=\"695\" height=\"483\" src=\"https:\/\/jiangbosigns.com\/wp-content\/uploads\/2025\/07\/100-4.png\" class=\"attachment-full size-full wp-image-26072\" alt=\"\" srcset=\"https:\/\/jiangbosigns.com\/wp-content\/uploads\/2025\/07\/100-4.png 695w, https:\/\/jiangbosigns.com\/wp-content\/uploads\/2025\/07\/100-4-300x208.png 300w\" sizes=\"(max-width: 695px) 100vw, 695px\" \/>\t\t\t\t\t\t\t\t\t\t\t\t\t\t\t<\/div>\n\t\t\t\t<\/div>\n\t\t\t\t<div class=\"elementor-element elementor-element-bfcdaab elementor-widget__width-initial elementor-widget elementor-widget-heading\" data-id=\"bfcdaab\" data-element_type=\"widget\" data-widget_type=\"heading.default\">\n\t\t\t\t<div class=\"elementor-widget-container\">\n\t\t\t\t\t<h2 class=\"elementor-heading-title elementor-size-default\">Production &amp; Livraison<\/h2>\t\t\t\t<\/div>\n\t\t\t\t<\/div>\n\t\t\t\t<div class=\"elementor-element elementor-element-5058120 elementor-widget__width-initial elementor-widget elementor-widget-heading\" data-id=\"5058120\" data-element_type=\"widget\" data-widget_type=\"heading.default\">\n\t\t\t\t<div class=\"elementor-widget-container\">\n\t\t\t\t\t<h2 class=\"elementor-heading-title elementor-size-default\">4<\/h2>\t\t\t\t<\/div>\n\t\t\t\t<\/div>\n\t\t\t\t<div class=\"elementor-element elementor-element-e089e00 elementor-widget__width-initial elementor-widget elementor-widget-text-editor\" data-id=\"e089e00\" data-element_type=\"widget\" data-widget_type=\"text-editor.default\">\n\t\t\t\t<div class=\"elementor-widget-container\">\n\t\t\t\t\t\t\t\t\t<p>Production planifi\u00e9e et exp\u00e9dition ponctuelle<\/p>\t\t\t\t\t\t\t\t<\/div>\n\t\t\t\t<\/div>\n\t\t\t\t<\/div>\n\t\t<div class=\"elementor-element elementor-element-7ddcb20 e-con-full e-flex e-con e-child\" data-id=\"7ddcb20\" data-element_type=\"container\" data-settings=\"{&quot;background_background&quot;:&quot;classic&quot;}\">\n\t\t\t\t<div class=\"elementor-element elementor-element-0bc5b2e elementor-widget elementor-widget-image\" data-id=\"0bc5b2e\" data-element_type=\"widget\" data-widget_type=\"image.default\">\n\t\t\t\t<div class=\"elementor-widget-container\">\n\t\t\t\t\t\t\t\t\t\t\t\t\t\t\t<img loading=\"lazy\" decoding=\"async\" width=\"695\" height=\"483\" src=\"https:\/\/jiangbosigns.com\/wp-content\/uploads\/2025\/07\/100-5.png\" class=\"attachment-full size-full wp-image-26100\" alt=\"\" srcset=\"https:\/\/jiangbosigns.com\/wp-content\/uploads\/2025\/07\/100-5.png 695w, https:\/\/jiangbosigns.com\/wp-content\/uploads\/2025\/07\/100-5-300x208.png 300w\" sizes=\"(max-width: 695px) 100vw, 695px\" \/>\t\t\t\t\t\t\t\t\t\t\t\t\t\t\t<\/div>\n\t\t\t\t<\/div>\n\t\t\t\t<div class=\"elementor-element elementor-element-ed84d89 elementor-widget__width-initial elementor-widget elementor-widget-heading\" data-id=\"ed84d89\" data-element_type=\"widget\" data-widget_type=\"heading.default\">\n\t\t\t\t<div class=\"elementor-widget-container\">\n\t\t\t\t\t<h2 class=\"elementor-heading-title elementor-size-default\">Service apr\u00e8s-vente<\/h2>\t\t\t\t<\/div>\n\t\t\t\t<\/div>\n\t\t\t\t<div class=\"elementor-element elementor-element-753a919 elementor-widget__width-initial elementor-widget elementor-widget-heading\" data-id=\"753a919\" data-element_type=\"widget\" data-widget_type=\"heading.default\">\n\t\t\t\t<div class=\"elementor-widget-container\">\n\t\t\t\t\t<h2 class=\"elementor-heading-title elementor-size-default\">5<\/h2>\t\t\t\t<\/div>\n\t\t\t\t<\/div>\n\t\t\t\t<div class=\"elementor-element elementor-element-19129b7 elementor-widget__width-initial elementor-widget elementor-widget-text-editor\" data-id=\"19129b7\" data-element_type=\"widget\" data-widget_type=\"text-editor.default\">\n\t\t\t\t<div class=\"elementor-widget-container\">\n\t\t\t\t\t\t\t\t\tSuivi pour les commandes r\u00e9p\u00e9t\u00e9es et mises \u00e0 niveau\t\t\t\t\t\t\t\t<\/div>\n\t\t\t\t<\/div>\n\t\t\t\t<\/div>\n\t\t\t\t<\/div>\n\t\t\t\t\t<\/div>\n\t\t\t\t<\/div>\n\t\t\t\t<\/div>\n\t\t","protected":false},"excerpt":{"rendered":"<p>Seulement 5 \u00e9tapes pour commencer Communication initiale 1 Soumettre le formulaire ou contacter notre \u00e9quipe Validation de la solution 2 Nous fournissons des croquis, \u00e9chantillons ou devis Accord contractuel 3 Finalisation des conditions, d\u00e9lais et paiement Production &amp; Livraison 4 Production planifi\u00e9e et exp\u00e9dition ponctuelle Service apr\u00e8s-vente 5 Suivi pour les commandes r\u00e9p\u00e9t\u00e9es et mises [&hellip;]<\/p>\n","protected":false},"author":1,"featured_media":0,"parent":0,"menu_order":0,"comment_status":"closed","ping_status":"closed","template":"elementor_header_footer","meta":{"footnotes":""},"class_list":["post-27696","page","type-page","status-publish","hentry"],"_links":{"self":[{"href":"https:\/\/jiangbosigns.com\/fr\/wp-json\/wp\/v2\/pages\/27696","targetHints":{"allow":["GET"]}}],"collection":[{"href":"https:\/\/jiangbosigns.com\/fr\/wp-json\/wp\/v2\/pages"}],"about":[{"href":"https:\/\/jiangbosigns.com\/fr\/wp-json\/wp\/v2\/types\/page"}],"author":[{"embeddable":true,"href":"https:\/\/jiangbosigns.com\/fr\/wp-json\/wp\/v2\/users\/1"}],"replies":[{"embeddable":true,"href":"https:\/\/jiangbosigns.com\/fr\/wp-json\/wp\/v2\/comments?post=27696"}],"version-history":[{"count":1,"href":"https:\/\/jiangbosigns.com\/fr\/wp-json\/wp\/v2\/pages\/27696\/revisions"}],"predecessor-version":[{"id":27697,"href":"https:\/\/jiangbosigns.com\/fr\/wp-json\/wp\/v2\/pages\/27696\/revisions\/27697"}],"wp:attachment":[{"href":"https:\/\/jiangbosigns.com\/fr\/wp-json\/wp\/v2\/media?parent=27696"}],"curies":[{"name":"wp","href":"https:\/\/api.w.org\/{rel}","templated":true}]}}