{"id":27465,"date":"2025-07-17T03:06:47","date_gmt":"2025-07-17T03:06:47","guid":{"rendered":"https:\/\/jiangbosigns.com\/modeles-de-cooperation-expliques\/"},"modified":"2025-08-06T05:41:06","modified_gmt":"2025-08-06T05:41:06","slug":"modeles-de-cooperation-expliques","status":"publish","type":"page","link":"https:\/\/jiangbosigns.com\/fr\/modeles-de-cooperation-expliques\/","title":{"rendered":"Mod\u00e8les de coop\u00e9ration expliqu\u00e9s"},"content":{"rendered":"\t\t<div data-elementor-type=\"wp-page\" data-elementor-id=\"27465\" class=\"elementor elementor-27465 elementor-22060\" data-elementor-post-type=\"page\">\n\t\t\t\t\t\t<section class=\"elementor-section elementor-top-section elementor-element elementor-element-14c100c elementor-section-boxed elementor-section-height-default elementor-section-height-default\" data-id=\"14c100c\" data-element_type=\"section\" data-settings=\"{&quot;background_background&quot;:&quot;classic&quot;}\">\n\t\t\t\t\t\t\t<div class=\"elementor-background-overlay\"><\/div>\n\t\t\t\t\t\t\t<div class=\"elementor-container elementor-column-gap-no\">\n\t\t\t\t\t<div class=\"elementor-column elementor-col-100 elementor-top-column elementor-element elementor-element-d896a45\" data-id=\"d896a45\" data-element_type=\"column\" data-settings=\"{&quot;background_background&quot;:&quot;classic&quot;}\">\n\t\t\t<div class=\"elementor-widget-wrap elementor-element-populated\">\n\t\t\t\t\t\t<div class=\"elementor-element elementor-element-2faafbc elementor-widget__width-initial animated-fast elementor-invisible elementor-widget elementor-widget-heading\" data-id=\"2faafbc\" data-element_type=\"widget\" data-settings=\"{&quot;_animation&quot;:&quot;fadeInUp&quot;,&quot;_animation_mobile&quot;:&quot;none&quot;}\" data-widget_type=\"heading.default\">\n\t\t\t\t<div class=\"elementor-widget-container\">\n\t\t\t\t\t<h2 class=\"elementor-heading-title elementor-size-default\">Mod\u00e8les de coop\u00e9ration expliqu\u00e9s<\/h2>\t\t\t\t<\/div>\n\t\t\t\t<\/div>\n\t\t\t\t\t<\/div>\n\t\t<\/div>\n\t\t\t\t\t<\/div>\n\t\t<\/section>\n\t\t<div class=\"elementor-element elementor-element-cdf1e3d e-flex e-con-boxed e-con e-parent\" data-id=\"cdf1e3d\" data-element_type=\"container\">\n\t\t\t\t\t<div class=\"e-con-inner\">\n\t\t\t\t<div class=\"elementor-element elementor-element-4ddc238 elementor-widget elementor-widget-image\" data-id=\"4ddc238\" data-element_type=\"widget\" data-widget_type=\"image.default\">\n\t\t\t\t<div class=\"elementor-widget-container\">\n\t\t\t\t\t\t\t\t\t\t\t\t\t\t\t<img fetchpriority=\"high\" decoding=\"async\" width=\"2000\" height=\"1125\" src=\"https:\/\/jiangbosigns.com\/wp-content\/uploads\/2025\/07\/7153434.png\" class=\"attachment-full size-full wp-image-25918\" alt=\"\" srcset=\"https:\/\/jiangbosigns.com\/wp-content\/uploads\/2025\/07\/7153434.png 2000w, https:\/\/jiangbosigns.com\/wp-content\/uploads\/2025\/07\/7153434-800x450.png 800w, https:\/\/jiangbosigns.com\/wp-content\/uploads\/2025\/07\/7153434-300x169.png 300w, https:\/\/jiangbosigns.com\/wp-content\/uploads\/2025\/07\/7153434-1024x576.png 1024w, https:\/\/jiangbosigns.com\/wp-content\/uploads\/2025\/07\/7153434-768x432.png 768w, https:\/\/jiangbosigns.com\/wp-content\/uploads\/2025\/07\/7153434-1536x864.png 1536w\" sizes=\"(max-width: 2000px) 100vw, 2000px\" \/>\t\t\t\t\t\t\t\t\t\t\t\t\t\t\t<\/div>\n\t\t\t\t<\/div>\n\t\t\t\t<div class=\"elementor-element elementor-element-fef16ac elementor-widget elementor-widget-spacer\" data-id=\"fef16ac\" data-element_type=\"widget\" data-widget_type=\"spacer.default\">\n\t\t\t\t<div class=\"elementor-widget-container\">\n\t\t\t\t\t\t\t<div class=\"elementor-spacer\">\n\t\t\t<div class=\"elementor-spacer-inner\"><\/div>\n\t\t<\/div>\n\t\t\t\t\t\t<\/div>\n\t\t\t\t<\/div>\n\t\t\t\t<div class=\"elementor-element elementor-element-c8f5a4a elementor-widget__width-initial animated-fast elementor-widget-tablet__width-inherit elementor-invisible elementor-widget elementor-widget-heading\" data-id=\"c8f5a4a\" data-element_type=\"widget\" data-settings=\"{&quot;_animation&quot;:&quot;fadeInRight&quot;,&quot;_animation_mobile&quot;:&quot;none&quot;}\" data-widget_type=\"heading.default\">\n\t\t\t\t<div class=\"elementor-widget-container\">\n\t\t\t\t\t<p class=\"elementor-heading-title elementor-size-default\">Nous offrons des mod\u00e8les de coop\u00e9ration flexibles adapt\u00e9s aux diff\u00e9rents besoins des entreprises, notamment les partenariats OEM, ODM, l\u2019achat en gros et les agences r\u00e9gionales&nbsp;:<\/p>\t\t\t\t<\/div>\n\t\t\t\t<\/div>\n\t\t\t\t\t<\/div>\n\t\t\t\t<\/div>\n\t\t<div class=\"elementor-element elementor-element-00dc000 e-grid e-con-boxed e-con e-parent\" data-id=\"00dc000\" data-element_type=\"container\">\n\t\t\t\t\t<div class=\"e-con-inner\">\n\t\t\t\t<div class=\"elementor-element elementor-element-87e8f74 elementor-position-top elementor-widget elementor-widget-image-box\" data-id=\"87e8f74\" data-element_type=\"widget\" data-widget_type=\"image-box.default\">\n\t\t\t\t<div class=\"elementor-widget-container\">\n\t\t\t\t\t<div class=\"elementor-image-box-wrapper\"><figure class=\"elementor-image-box-img\"><img decoding=\"async\" width=\"800\" height=\"800\" src=\"https:\/\/jiangbosigns.com\/wp-content\/uploads\/2025\/07\/1-6.png\" class=\"attachment-full size-full wp-image-26310\" alt=\"\" srcset=\"https:\/\/jiangbosigns.com\/wp-content\/uploads\/2025\/07\/1-6.png 800w, https:\/\/jiangbosigns.com\/wp-content\/uploads\/2025\/07\/1-6-100x100.png 100w, https:\/\/jiangbosigns.com\/wp-content\/uploads\/2025\/07\/1-6-300x300.png 300w, https:\/\/jiangbosigns.com\/wp-content\/uploads\/2025\/07\/1-6-150x150.png 150w, https:\/\/jiangbosigns.com\/wp-content\/uploads\/2025\/07\/1-6-768x768.png 768w\" sizes=\"(max-width: 800px) 100vw, 800px\" \/><\/figure><div class=\"elementor-image-box-content\"><h3 class=\"elementor-image-box-title\">OEM<\/h3><p class=\"elementor-image-box-description\">Vous fournissez la marque et le design&nbsp;; nous nous occupons de la production et de la livraison<\/p><\/div><\/div>\t\t\t\t<\/div>\n\t\t\t\t<\/div>\n\t\t\t\t<div class=\"elementor-element elementor-element-e88dd3a elementor-position-top elementor-widget elementor-widget-image-box\" data-id=\"e88dd3a\" data-element_type=\"widget\" data-widget_type=\"image-box.default\">\n\t\t\t\t<div class=\"elementor-widget-container\">\n\t\t\t\t\t<div class=\"elementor-image-box-wrapper\"><figure class=\"elementor-image-box-img\"><img decoding=\"async\" width=\"800\" height=\"800\" src=\"https:\/\/jiangbosigns.com\/wp-content\/uploads\/2025\/07\/2-6.png\" class=\"attachment-full size-full wp-image-26303\" alt=\"\" srcset=\"https:\/\/jiangbosigns.com\/wp-content\/uploads\/2025\/07\/2-6.png 800w, https:\/\/jiangbosigns.com\/wp-content\/uploads\/2025\/07\/2-6-100x100.png 100w, https:\/\/jiangbosigns.com\/wp-content\/uploads\/2025\/07\/2-6-300x300.png 300w, https:\/\/jiangbosigns.com\/wp-content\/uploads\/2025\/07\/2-6-150x150.png 150w, https:\/\/jiangbosigns.com\/wp-content\/uploads\/2025\/07\/2-6-768x768.png 768w\" sizes=\"(max-width: 800px) 100vw, 800px\" \/><\/figure><div class=\"elementor-image-box-content\"><h3 class=\"elementor-image-box-title\">ODM<\/h3><p class=\"elementor-image-box-description\">Vous pr\u00e9sentez vos besoins&nbsp;; nous offrons des solutions de conception et de fabrication de bout en bout<\/p><\/div><\/div>\t\t\t\t<\/div>\n\t\t\t\t<\/div>\n\t\t\t\t<div class=\"elementor-element elementor-element-b3640c0 elementor-position-top elementor-widget elementor-widget-image-box\" data-id=\"b3640c0\" data-element_type=\"widget\" data-widget_type=\"image-box.default\">\n\t\t\t\t<div class=\"elementor-widget-container\">\n\t\t\t\t\t<div class=\"elementor-image-box-wrapper\"><figure class=\"elementor-image-box-img\"><img loading=\"lazy\" decoding=\"async\" width=\"800\" height=\"800\" src=\"https:\/\/jiangbosigns.com\/wp-content\/uploads\/2025\/07\/3-5.png\" class=\"attachment-full size-full wp-image-26317\" alt=\"\" srcset=\"https:\/\/jiangbosigns.com\/wp-content\/uploads\/2025\/07\/3-5.png 800w, https:\/\/jiangbosigns.com\/wp-content\/uploads\/2025\/07\/3-5-100x100.png 100w, https:\/\/jiangbosigns.com\/wp-content\/uploads\/2025\/07\/3-5-300x300.png 300w, https:\/\/jiangbosigns.com\/wp-content\/uploads\/2025\/07\/3-5-150x150.png 150w, https:\/\/jiangbosigns.com\/wp-content\/uploads\/2025\/07\/3-5-768x768.png 768w\" sizes=\"(max-width: 800px) 100vw, 800px\" \/><\/figure><div class=\"elementor-image-box-content\"><h3 class=\"elementor-image-box-title\">Agence r\u00e9gionale<\/h3><p class=\"elementor-image-box-description\">Les partenaires autoris\u00e9s assurent la promotion et la vente dans les r\u00e9gions attribu\u00e9es<\/p><\/div><\/div>\t\t\t\t<\/div>\n\t\t\t\t<\/div>\n\t\t\t\t<div class=\"elementor-element elementor-element-37892e4 elementor-position-top elementor-widget elementor-widget-image-box\" data-id=\"37892e4\" data-element_type=\"widget\" data-widget_type=\"image-box.default\">\n\t\t\t\t<div class=\"elementor-widget-container\">\n\t\t\t\t\t<div class=\"elementor-image-box-wrapper\"><figure class=\"elementor-image-box-img\"><img loading=\"lazy\" decoding=\"async\" width=\"800\" height=\"800\" src=\"https:\/\/jiangbosigns.com\/wp-content\/uploads\/2025\/07\/4-3.png\" class=\"attachment-full size-full wp-image-26324\" alt=\"\" srcset=\"https:\/\/jiangbosigns.com\/wp-content\/uploads\/2025\/07\/4-3.png 800w, https:\/\/jiangbosigns.com\/wp-content\/uploads\/2025\/07\/4-3-100x100.png 100w, https:\/\/jiangbosigns.com\/wp-content\/uploads\/2025\/07\/4-3-300x300.png 300w, https:\/\/jiangbosigns.com\/wp-content\/uploads\/2025\/07\/4-3-150x150.png 150w, https:\/\/jiangbosigns.com\/wp-content\/uploads\/2025\/07\/4-3-768x768.png 768w\" sizes=\"(max-width: 800px) 100vw, 800px\" \/><\/figure><div class=\"elementor-image-box-content\"><h3 class=\"elementor-image-box-title\">Collaboration de projet<\/h3><p class=\"elementor-image-box-description\">Prise en charge cl\u00e9 en main de projets \u00e0 grande \u00e9chelle avec des solutions de signal\u00e9tique personnalis\u00e9es<\/p><\/div><\/div>\t\t\t\t<\/div>\n\t\t\t\t<\/div>\n\t\t\t\t\t<\/div>\n\t\t\t\t<\/div>\n\t\t\t\t<\/div>\n\t\t","protected":false},"excerpt":{"rendered":"<p>Nous offrons des mod\u00e8les de coop\u00e9ration flexibles adapt\u00e9s aux diff\u00e9rents besoins des entreprises, notamment les partenariats OEM, ODM, l\u2019achat en gros et les agences r\u00e9gionales&nbsp;: OEM Vous fournissez la marque et le design&nbsp;; nous nous occupons de la production et de la livraison ODM Vous pr\u00e9sentez vos besoins&nbsp;; nous offrons des solutions de conception et [&hellip;]<\/p>\n","protected":false},"author":1,"featured_media":0,"parent":0,"menu_order":0,"comment_status":"closed","ping_status":"closed","template":"elementor_header_footer","meta":{"footnotes":""},"class_list":["post-27465","page","type-page","status-publish","hentry"],"_links":{"self":[{"href":"https:\/\/jiangbosigns.com\/fr\/wp-json\/wp\/v2\/pages\/27465","targetHints":{"allow":["GET"]}}],"collection":[{"href":"https:\/\/jiangbosigns.com\/fr\/wp-json\/wp\/v2\/pages"}],"about":[{"href":"https:\/\/jiangbosigns.com\/fr\/wp-json\/wp\/v2\/types\/page"}],"author":[{"embeddable":true,"href":"https:\/\/jiangbosigns.com\/fr\/wp-json\/wp\/v2\/users\/1"}],"replies":[{"embeddable":true,"href":"https:\/\/jiangbosigns.com\/fr\/wp-json\/wp\/v2\/comments?post=27465"}],"version-history":[{"count":1,"href":"https:\/\/jiangbosigns.com\/fr\/wp-json\/wp\/v2\/pages\/27465\/revisions"}],"predecessor-version":[{"id":27467,"href":"https:\/\/jiangbosigns.com\/fr\/wp-json\/wp\/v2\/pages\/27465\/revisions\/27467"}],"wp:attachment":[{"href":"https:\/\/jiangbosigns.com\/fr\/wp-json\/wp\/v2\/media?parent=27465"}],"curies":[{"name":"wp","href":"https:\/\/api.w.org\/{rel}","templated":true}]}}