{"id":27456,"date":"2025-07-17T03:07:36","date_gmt":"2025-07-17T03:07:36","guid":{"rendered":"https:\/\/jiangbosigns.com\/avantages-du-service-illustres\/"},"modified":"2025-08-06T05:41:05","modified_gmt":"2025-08-06T05:41:05","slug":"avantages-du-service-illustres","status":"publish","type":"page","link":"https:\/\/jiangbosigns.com\/fr\/avantages-du-service-illustres\/","title":{"rendered":"Avantages du service illustr\u00e9s"},"content":{"rendered":"\t\t<div data-elementor-type=\"wp-page\" data-elementor-id=\"27456\" class=\"elementor elementor-27456 elementor-22076\" data-elementor-post-type=\"page\">\n\t\t\t\t\t\t<section class=\"elementor-section elementor-top-section elementor-element elementor-element-867f61c elementor-section-boxed elementor-section-height-default elementor-section-height-default\" data-id=\"867f61c\" data-element_type=\"section\" data-settings=\"{&quot;background_background&quot;:&quot;classic&quot;}\">\n\t\t\t\t\t\t\t<div class=\"elementor-background-overlay\"><\/div>\n\t\t\t\t\t\t\t<div class=\"elementor-container elementor-column-gap-no\">\n\t\t\t\t\t<div class=\"elementor-column elementor-col-100 elementor-top-column elementor-element elementor-element-8d1b5a7\" data-id=\"8d1b5a7\" data-element_type=\"column\" data-settings=\"{&quot;background_background&quot;:&quot;classic&quot;}\">\n\t\t\t<div class=\"elementor-widget-wrap elementor-element-populated\">\n\t\t\t\t\t\t<div class=\"elementor-element elementor-element-51bfa8b elementor-widget__width-initial animated-fast elementor-invisible elementor-widget elementor-widget-heading\" data-id=\"51bfa8b\" data-element_type=\"widget\" data-settings=\"{&quot;_animation&quot;:&quot;fadeInUp&quot;,&quot;_animation_mobile&quot;:&quot;none&quot;}\" data-widget_type=\"heading.default\">\n\t\t\t\t<div class=\"elementor-widget-container\">\n\t\t\t\t\t<h2 class=\"elementor-heading-title elementor-size-default\">Avantages du service illustr\u00e9s<\/h2>\t\t\t\t<\/div>\n\t\t\t\t<\/div>\n\t\t\t\t\t<\/div>\n\t\t<\/div>\n\t\t\t\t\t<\/div>\n\t\t<\/section>\n\t\t<div class=\"elementor-element elementor-element-9c5cecf e-flex e-con-boxed e-con e-parent\" data-id=\"9c5cecf\" data-element_type=\"container\">\n\t\t\t\t\t<div class=\"e-con-inner\">\n\t\t\t\t<div class=\"elementor-element elementor-element-23b0712 elementor-widget__width-initial animated-fast elementor-widget-tablet__width-inherit elementor-invisible elementor-widget elementor-widget-heading\" data-id=\"23b0712\" data-element_type=\"widget\" data-settings=\"{&quot;_animation&quot;:&quot;fadeInRight&quot;,&quot;_animation_mobile&quot;:&quot;none&quot;}\" data-widget_type=\"heading.default\">\n\t\t\t\t<div class=\"elementor-widget-container\">\n\t\t\t\t\t<p class=\"elementor-heading-title elementor-size-default\">Nos principaux avantages de service permettent aux partenaires de r\u00e9ussir \u00e0 long terme<\/p>\t\t\t\t<\/div>\n\t\t\t\t<\/div>\n\t\t\t\t\t<\/div>\n\t\t\t\t<\/div>\n\t\t<div class=\"elementor-element elementor-element-cc0a931 animated-fast e-grid e-con-boxed elementor-invisible e-con e-parent\" data-id=\"cc0a931\" data-element_type=\"container\" data-settings=\"{&quot;background_background&quot;:&quot;classic&quot;,&quot;animation&quot;:&quot;fadeInUp&quot;,&quot;animation_mobile&quot;:&quot;none&quot;}\">\n\t\t\t\t\t<div class=\"e-con-inner\">\n\t\t<div class=\"elementor-element elementor-element-1da9b35 e-con-full e-flex e-con e-child\" data-id=\"1da9b35\" data-element_type=\"container\" data-settings=\"{&quot;background_background&quot;:&quot;classic&quot;}\">\n\t\t\t\t<div class=\"elementor-element elementor-element-fede2a5 elementor-position-top elementor-widget elementor-widget-image-box\" data-id=\"fede2a5\" data-element_type=\"widget\" data-widget_type=\"image-box.default\">\n\t\t\t\t<div class=\"elementor-widget-container\">\n\t\t\t\t\t<div class=\"elementor-image-box-wrapper\"><figure class=\"elementor-image-box-img\"><img decoding=\"async\" src=\"https:\/\/jiangbosigns.com\/wp-content\/uploads\/elementor\/thumbs\/1-3-r8vt7bgral1rinig2m0u2y59fa6unayxa8xphnm0kc.png\" title=\"\" alt=\"\" loading=\"lazy\" \/><\/figure><div class=\"elementor-image-box-content\"><h3 class=\"elementor-image-box-title\">Qualit\u00e9 sup\u00e9rieure<\/h3><p class=\"elementor-image-box-description\">Mat\u00e9riaux \u00e9cologiques, normes de CQ rigoureuses<\/p><\/div><\/div>\t\t\t\t<\/div>\n\t\t\t\t<\/div>\n\t\t\t\t<\/div>\n\t\t<div class=\"elementor-element elementor-element-10b9e1e e-con-full e-flex e-con e-child\" data-id=\"10b9e1e\" data-element_type=\"container\" data-settings=\"{&quot;background_background&quot;:&quot;classic&quot;}\">\n\t\t\t\t<div class=\"elementor-element elementor-element-b0bd88b elementor-position-top elementor-widget elementor-widget-image-box\" data-id=\"b0bd88b\" data-element_type=\"widget\" data-widget_type=\"image-box.default\">\n\t\t\t\t<div class=\"elementor-widget-container\">\n\t\t\t\t\t<div class=\"elementor-image-box-wrapper\"><figure class=\"elementor-image-box-img\"><img decoding=\"async\" src=\"https:\/\/jiangbosigns.com\/wp-content\/uploads\/elementor\/thumbs\/2-3-r8vt7h3sfl9hgba95oglhwq0zlf1xhlbb0umdbdnj0.png\" title=\"\" alt=\"\" loading=\"lazy\" \/><\/figure><div class=\"elementor-image-box-content\"><h3 class=\"elementor-image-box-title\">Forte R<\/h3><p class=\"elementor-image-box-description\">Prototypage rapide et personnalisation complexe<\/p><\/div><\/div>\t\t\t\t<\/div>\n\t\t\t\t<\/div>\n\t\t\t\t<\/div>\n\t\t<div class=\"elementor-element elementor-element-bc34283 e-con-full e-flex e-con e-child\" data-id=\"bc34283\" data-element_type=\"container\" data-settings=\"{&quot;background_background&quot;:&quot;classic&quot;}\">\n\t\t\t\t<div class=\"elementor-element elementor-element-86e0fd1 elementor-position-top elementor-widget elementor-widget-image-box\" data-id=\"86e0fd1\" data-element_type=\"widget\" data-widget_type=\"image-box.default\">\n\t\t\t\t<div class=\"elementor-widget-container\">\n\t\t\t\t\t<div class=\"elementor-image-box-wrapper\"><figure class=\"elementor-image-box-img\"><img decoding=\"async\" src=\"https:\/\/jiangbosigns.com\/wp-content\/uploads\/elementor\/thumbs\/3-2-r8vt7mqtklh7dz228qwcwvasjwn97o7pbsrj8z5aho.png\" title=\"\" alt=\"\" loading=\"lazy\" \/><\/figure><div class=\"elementor-image-box-content\"><h3 class=\"elementor-image-box-title\">Livraison fiable<\/h3><p class=\"elementor-image-box-description\">D\u00e9lai de 7 jours pour les commandes standard, plans sur mesure pour les projets<\/p><\/div><\/div>\t\t\t\t<\/div>\n\t\t\t\t<\/div>\n\t\t\t\t<\/div>\n\t\t<div class=\"elementor-element elementor-element-6eac04a e-con-full e-flex e-con e-child\" data-id=\"6eac04a\" data-element_type=\"container\" data-settings=\"{&quot;background_background&quot;:&quot;classic&quot;}\">\n\t\t\t\t<div class=\"elementor-element elementor-element-c15afa5 elementor-position-top elementor-widget elementor-widget-image-box\" data-id=\"c15afa5\" data-element_type=\"widget\" data-widget_type=\"image-box.default\">\n\t\t\t\t<div class=\"elementor-widget-container\">\n\t\t\t\t\t<div class=\"elementor-image-box-wrapper\"><figure class=\"elementor-image-box-img\"><img decoding=\"async\" src=\"https:\/\/jiangbosigns.com\/wp-content\/uploads\/elementor\/thumbs\/4-1-r8vt7rg0irnn00v8haxhrc43iu03a5qd0g0yncybmk.png\" title=\"\" alt=\"\" loading=\"lazy\" \/><\/figure><div class=\"elementor-image-box-content\"><h3 class=\"elementor-image-box-title\">Exp\u00e9rience mondiale<\/h3><p class=\"elementor-image-box-description\">Au service de clients en Europe, en Asie du Sud-Est, au Moyen-Orient et au-del\u00e0<\/p><\/div><\/div>\t\t\t\t<\/div>\n\t\t\t\t<\/div>\n\t\t\t\t<\/div>\n\t\t\t\t\t<\/div>\n\t\t\t\t<\/div>\n\t\t\t\t<\/div>\n\t\t","protected":false},"excerpt":{"rendered":"<p>Nos principaux avantages de service permettent aux partenaires de r\u00e9ussir \u00e0 long terme Qualit\u00e9 sup\u00e9rieure Mat\u00e9riaux \u00e9cologiques, normes de CQ rigoureuses Forte R Prototypage rapide et personnalisation complexe Livraison fiable D\u00e9lai de 7 jours pour les commandes standard, plans sur mesure pour les projets Exp\u00e9rience mondiale Au service de clients en Europe, en Asie du [&hellip;]<\/p>\n","protected":false},"author":1,"featured_media":0,"parent":0,"menu_order":0,"comment_status":"closed","ping_status":"closed","template":"elementor_header_footer","meta":{"footnotes":""},"class_list":["post-27456","page","type-page","status-publish","hentry"],"_links":{"self":[{"href":"https:\/\/jiangbosigns.com\/fr\/wp-json\/wp\/v2\/pages\/27456","targetHints":{"allow":["GET"]}}],"collection":[{"href":"https:\/\/jiangbosigns.com\/fr\/wp-json\/wp\/v2\/pages"}],"about":[{"href":"https:\/\/jiangbosigns.com\/fr\/wp-json\/wp\/v2\/types\/page"}],"author":[{"embeddable":true,"href":"https:\/\/jiangbosigns.com\/fr\/wp-json\/wp\/v2\/users\/1"}],"replies":[{"embeddable":true,"href":"https:\/\/jiangbosigns.com\/fr\/wp-json\/wp\/v2\/comments?post=27456"}],"version-history":[{"count":1,"href":"https:\/\/jiangbosigns.com\/fr\/wp-json\/wp\/v2\/pages\/27456\/revisions"}],"predecessor-version":[{"id":27457,"href":"https:\/\/jiangbosigns.com\/fr\/wp-json\/wp\/v2\/pages\/27456\/revisions\/27457"}],"wp:attachment":[{"href":"https:\/\/jiangbosigns.com\/fr\/wp-json\/wp\/v2\/media?parent=27456"}],"curies":[{"name":"wp","href":"https:\/\/api.w.org\/{rel}","templated":true}]}}