{"id":27437,"date":"2025-07-16T06:09:55","date_gmt":"2025-07-16T06:09:55","guid":{"rendered":"https:\/\/jiangbosigns.com\/service-et-garantie\/"},"modified":"2025-08-06T05:40:32","modified_gmt":"2025-08-06T05:40:32","slug":"service-et-garantie","status":"publish","type":"page","link":"https:\/\/jiangbosigns.com\/fr\/service-et-garantie\/","title":{"rendered":"Service et garantie"},"content":{"rendered":"\t\t<div data-elementor-type=\"wp-page\" data-elementor-id=\"27437\" class=\"elementor elementor-27437 elementor-22025\" data-elementor-post-type=\"page\">\n\t\t\t\t\t\t<section class=\"elementor-section elementor-top-section elementor-element elementor-element-5002ea6 elementor-section-boxed elementor-section-height-default elementor-section-height-default\" data-id=\"5002ea6\" data-element_type=\"section\" data-settings=\"{&quot;background_background&quot;:&quot;classic&quot;}\">\n\t\t\t\t\t\t\t<div class=\"elementor-background-overlay\"><\/div>\n\t\t\t\t\t\t\t<div class=\"elementor-container elementor-column-gap-no\">\n\t\t\t\t\t<div class=\"elementor-column elementor-col-100 elementor-top-column elementor-element elementor-element-4ae0ab1\" data-id=\"4ae0ab1\" data-element_type=\"column\" data-settings=\"{&quot;background_background&quot;:&quot;classic&quot;}\">\n\t\t\t<div class=\"elementor-widget-wrap elementor-element-populated\">\n\t\t\t\t\t\t<div class=\"elementor-element elementor-element-8df4fb2 elementor-widget__width-initial animated-fast elementor-invisible elementor-widget elementor-widget-heading\" data-id=\"8df4fb2\" data-element_type=\"widget\" data-settings=\"{&quot;_animation&quot;:&quot;fadeInUp&quot;,&quot;_animation_mobile&quot;:&quot;none&quot;}\" data-widget_type=\"heading.default\">\n\t\t\t\t<div class=\"elementor-widget-container\">\n\t\t\t\t\t<h2 class=\"elementor-heading-title elementor-size-default\">Service et garantie<\/h2>\t\t\t\t<\/div>\n\t\t\t\t<\/div>\n\t\t\t\t\t<\/div>\n\t\t<\/div>\n\t\t\t\t\t<\/div>\n\t\t<\/section>\n\t\t\t\t<section class=\"elementor-section elementor-top-section elementor-element elementor-element-7f1b794 elementor-section-boxed elementor-section-height-default elementor-section-height-default\" data-id=\"7f1b794\" data-element_type=\"section\" data-settings=\"{&quot;background_background&quot;:&quot;classic&quot;}\">\n\t\t\t\t\t\t\t<div class=\"elementor-background-overlay\"><\/div>\n\t\t\t\t\t\t\t<div class=\"elementor-container elementor-column-gap-no\">\n\t\t\t\t\t<div class=\"elementor-column elementor-col-100 elementor-top-column elementor-element elementor-element-d20b637\" data-id=\"d20b637\" data-element_type=\"column\" data-settings=\"{&quot;background_background&quot;:&quot;classic&quot;}\">\n\t\t\t<div class=\"elementor-widget-wrap elementor-element-populated\">\n\t\t\t\t\t<div class=\"elementor-background-overlay\"><\/div>\n\t\t\t\t\t\t<section class=\"elementor-section elementor-inner-section elementor-element elementor-element-9d6ef86 elementor-section-full_width elementor-section-height-default elementor-section-height-default\" data-id=\"9d6ef86\" data-element_type=\"section\">\n\t\t\t\t\t\t\t<div class=\"elementor-background-overlay\"><\/div>\n\t\t\t\t\t\t\t<div class=\"elementor-container elementor-column-gap-no\">\n\t\t\t\t\t<div class=\"elementor-column elementor-col-50 elementor-inner-column elementor-element elementor-element-88aa2c3\" data-id=\"88aa2c3\" data-element_type=\"column\" data-settings=\"{&quot;background_background&quot;:&quot;classic&quot;}\">\n\t\t\t<div class=\"elementor-widget-wrap elementor-element-populated\">\n\t\t\t\t\t\t<section class=\"elementor-section elementor-inner-section elementor-element elementor-element-b7478fb elementor-section-content-middle elementor-section-boxed elementor-section-height-default elementor-section-height-default\" data-id=\"b7478fb\" data-element_type=\"section\">\n\t\t\t\t\t\t<div class=\"elementor-container elementor-column-gap-no\">\n\t\t\t\t\t<div class=\"elementor-column elementor-col-100 elementor-inner-column elementor-element elementor-element-839be3a\" data-id=\"839be3a\" data-element_type=\"column\">\n\t\t\t<div class=\"elementor-widget-wrap elementor-element-populated\">\n\t\t\t\t\t\t<div class=\"elementor-element elementor-element-c099550 elementor-widget elementor-widget-image\" data-id=\"c099550\" data-element_type=\"widget\" data-widget_type=\"image.default\">\n\t\t\t\t<div class=\"elementor-widget-container\">\n\t\t\t\t\t\t\t\t\t\t\t\t\t\t\t<img fetchpriority=\"high\" decoding=\"async\" width=\"840\" height=\"1024\" src=\"https:\/\/jiangbosigns.com\/wp-content\/uploads\/2025\/07\/s1-1-840x1024.jpg\" class=\"attachment-large size-large wp-image-25764\" alt=\"\" srcset=\"https:\/\/jiangbosigns.com\/wp-content\/uploads\/2025\/07\/s1-1-840x1024.jpg 840w, https:\/\/jiangbosigns.com\/wp-content\/uploads\/2025\/07\/s1-1-800x976.jpg 800w, https:\/\/jiangbosigns.com\/wp-content\/uploads\/2025\/07\/s1-1-246x300.jpg 246w, https:\/\/jiangbosigns.com\/wp-content\/uploads\/2025\/07\/s1-1-768x937.jpg 768w, https:\/\/jiangbosigns.com\/wp-content\/uploads\/2025\/07\/s1-1.jpg 1170w\" sizes=\"(max-width: 840px) 100vw, 840px\" \/>\t\t\t\t\t\t\t\t\t\t\t\t\t\t\t<\/div>\n\t\t\t\t<\/div>\n\t\t\t\t\t<\/div>\n\t\t<\/div>\n\t\t\t\t\t<\/div>\n\t\t<\/section>\n\t\t\t\t\t<\/div>\n\t\t<\/div>\n\t\t\t\t<div class=\"elementor-column elementor-col-50 elementor-inner-column elementor-element elementor-element-ea7cc34\" data-id=\"ea7cc34\" data-element_type=\"column\" data-settings=\"{&quot;background_background&quot;:&quot;classic&quot;}\">\n\t\t\t<div class=\"elementor-widget-wrap elementor-element-populated\">\n\t\t\t\t\t\t<div class=\"elementor-element elementor-element-68c63f4 elementor-widget elementor-widget-spacer\" data-id=\"68c63f4\" data-element_type=\"widget\" data-widget_type=\"spacer.default\">\n\t\t\t\t<div class=\"elementor-widget-container\">\n\t\t\t\t\t\t\t<div class=\"elementor-spacer\">\n\t\t\t<div class=\"elementor-spacer-inner\"><\/div>\n\t\t<\/div>\n\t\t\t\t\t\t<\/div>\n\t\t\t\t<\/div>\n\t\t\t\t<div class=\"elementor-element elementor-element-256b60f elementor-widget__width-initial animated-fast elementor-widget-tablet__width-inherit elementor-invisible elementor-widget elementor-widget-heading\" data-id=\"256b60f\" data-element_type=\"widget\" data-settings=\"{&quot;_animation&quot;:&quot;fadeInRight&quot;,&quot;_animation_mobile&quot;:&quot;none&quot;}\" data-widget_type=\"heading.default\">\n\t\t\t\t<div class=\"elementor-widget-container\">\n\t\t\t\t\t<p class=\"elementor-heading-title elementor-size-default\">Nous fournissons des services complets, de la s\u00e9lection des produits \u00e0 l'\u00e9chantillonnage de la conception et \u00e0 la livraison en masse. Tous les produits sont soumis \u00e0 un contr\u00f4le de qualit\u00e9 strict pour garantir leur durabilit\u00e9 et leur s\u00e9curit\u00e9. La personnalisation est disponible pour la taille, les graphiques et les langues afin de s'adapter \u00e0 divers sc\u00e9narios d'application.  <\/p>\t\t\t\t<\/div>\n\t\t\t\t<\/div>\n\t\t\t\t<div class=\"elementor-element elementor-element-d64d79c elementor-widget elementor-widget-spacer\" data-id=\"d64d79c\" data-element_type=\"widget\" data-widget_type=\"spacer.default\">\n\t\t\t\t<div class=\"elementor-widget-container\">\n\t\t\t\t\t\t\t<div class=\"elementor-spacer\">\n\t\t\t<div class=\"elementor-spacer-inner\"><\/div>\n\t\t<\/div>\n\t\t\t\t\t\t<\/div>\n\t\t\t\t<\/div>\n\t\t\t\t<div class=\"elementor-element elementor-element-1988e11 elementor-widget elementor-widget-image\" data-id=\"1988e11\" data-element_type=\"widget\" data-widget_type=\"image.default\">\n\t\t\t\t<div class=\"elementor-widget-container\">\n\t\t\t\t\t\t\t\t\t\t\t\t\t\t\t<img decoding=\"async\" width=\"1536\" height=\"1024\" src=\"https:\/\/jiangbosigns.com\/wp-content\/uploads\/2025\/07\/20250722195540.png\" class=\"attachment-full size-full wp-image-26275\" alt=\"\" srcset=\"https:\/\/jiangbosigns.com\/wp-content\/uploads\/2025\/07\/20250722195540.png 1536w, https:\/\/jiangbosigns.com\/wp-content\/uploads\/2025\/07\/20250722195540-800x533.png 800w, https:\/\/jiangbosigns.com\/wp-content\/uploads\/2025\/07\/20250722195540-300x200.png 300w, https:\/\/jiangbosigns.com\/wp-content\/uploads\/2025\/07\/20250722195540-1024x683.png 1024w, https:\/\/jiangbosigns.com\/wp-content\/uploads\/2025\/07\/20250722195540-768x512.png 768w\" sizes=\"(max-width: 1536px) 100vw, 1536px\" \/>\t\t\t\t\t\t\t\t\t\t\t\t\t\t\t<\/div>\n\t\t\t\t<\/div>\n\t\t\t\t\t<\/div>\n\t\t<\/div>\n\t\t\t\t\t<\/div>\n\t\t<\/section>\n\t\t\t\t\t<\/div>\n\t\t<\/div>\n\t\t\t\t\t<\/div>\n\t\t<\/section>\n\t\t\t\t<\/div>\n\t\t","protected":false},"excerpt":{"rendered":"<p>Nous fournissons des services complets, de la s\u00e9lection des produits \u00e0 l&rsquo;\u00e9chantillonnage de la conception et \u00e0 la livraison en masse. Tous les produits sont soumis \u00e0 un contr\u00f4le de qualit\u00e9 strict pour garantir leur durabilit\u00e9 et leur s\u00e9curit\u00e9. La personnalisation est disponible pour la taille, les graphiques et les langues afin de s&rsquo;adapter \u00e0 [&hellip;]<\/p>\n","protected":false},"author":1,"featured_media":0,"parent":0,"menu_order":0,"comment_status":"closed","ping_status":"closed","template":"elementor_header_footer","meta":{"footnotes":""},"class_list":["post-27437","page","type-page","status-publish","hentry"],"_links":{"self":[{"href":"https:\/\/jiangbosigns.com\/fr\/wp-json\/wp\/v2\/pages\/27437","targetHints":{"allow":["GET"]}}],"collection":[{"href":"https:\/\/jiangbosigns.com\/fr\/wp-json\/wp\/v2\/pages"}],"about":[{"href":"https:\/\/jiangbosigns.com\/fr\/wp-json\/wp\/v2\/types\/page"}],"author":[{"embeddable":true,"href":"https:\/\/jiangbosigns.com\/fr\/wp-json\/wp\/v2\/users\/1"}],"replies":[{"embeddable":true,"href":"https:\/\/jiangbosigns.com\/fr\/wp-json\/wp\/v2\/comments?post=27437"}],"version-history":[{"count":1,"href":"https:\/\/jiangbosigns.com\/fr\/wp-json\/wp\/v2\/pages\/27437\/revisions"}],"predecessor-version":[{"id":27439,"href":"https:\/\/jiangbosigns.com\/fr\/wp-json\/wp\/v2\/pages\/27437\/revisions\/27439"}],"wp:attachment":[{"href":"https:\/\/jiangbosigns.com\/fr\/wp-json\/wp\/v2\/media?parent=27437"}],"curies":[{"name":"wp","href":"https:\/\/api.w.org\/{rel}","templated":true}]}}