{"id":27699,"date":"2025-07-17T03:08:35","date_gmt":"2025-07-17T03:08:35","guid":{"rendered":"https:\/\/jiangbosigns.com\/5-schritte-kooperationsprozess-diagramm\/"},"modified":"2025-08-07T08:01:41","modified_gmt":"2025-08-07T08:01:41","slug":"5-schritte-kooperationsprozess-diagramm","status":"publish","type":"page","link":"https:\/\/jiangbosigns.com\/de\/5-schritte-kooperationsprozess-diagramm\/","title":{"rendered":"5-Schritte-Kooperationsprozess-Diagramm"},"content":{"rendered":"\t\t<div data-elementor-type=\"wp-page\" data-elementor-id=\"27699\" class=\"elementor elementor-27699 elementor-22078\" data-elementor-post-type=\"page\">\n\t\t\t\t\t\t<section class=\"elementor-section elementor-top-section elementor-element elementor-element-62df3f9 elementor-section-boxed elementor-section-height-default elementor-section-height-default\" data-id=\"62df3f9\" data-element_type=\"section\" data-settings=\"{&quot;background_background&quot;:&quot;classic&quot;}\">\n\t\t\t\t\t\t\t<div class=\"elementor-background-overlay\"><\/div>\n\t\t\t\t\t\t\t<div class=\"elementor-container elementor-column-gap-no\">\n\t\t\t\t\t<div class=\"elementor-column elementor-col-100 elementor-top-column elementor-element elementor-element-57a219b\" data-id=\"57a219b\" data-element_type=\"column\" data-settings=\"{&quot;background_background&quot;:&quot;classic&quot;}\">\n\t\t\t<div class=\"elementor-widget-wrap elementor-element-populated\">\n\t\t\t\t\t\t<div class=\"elementor-element elementor-element-82a4e36 elementor-widget__width-initial animated-fast elementor-invisible elementor-widget elementor-widget-heading\" data-id=\"82a4e36\" data-element_type=\"widget\" data-settings=\"{&quot;_animation&quot;:&quot;fadeInUp&quot;,&quot;_animation_mobile&quot;:&quot;none&quot;}\" data-widget_type=\"heading.default\">\n\t\t\t\t<div class=\"elementor-widget-container\">\n\t\t\t\t\t<h2 class=\"elementor-heading-title elementor-size-default\">5-Schritte-Kooperationsprozess-Diagramm<\/h2>\t\t\t\t<\/div>\n\t\t\t\t<\/div>\n\t\t\t\t\t<\/div>\n\t\t<\/div>\n\t\t\t\t\t<\/div>\n\t\t<\/section>\n\t\t<div class=\"elementor-element elementor-element-28603c1 e-flex e-con-boxed e-con e-parent\" data-id=\"28603c1\" data-element_type=\"container\" data-settings=\"{&quot;background_background&quot;:&quot;classic&quot;}\">\n\t\t\t\t\t<div class=\"e-con-inner\">\n\t\t\t\t<div class=\"elementor-element elementor-element-df982de elementor-widget__width-initial animated-fast elementor-widget-tablet__width-inherit elementor-invisible elementor-widget elementor-widget-heading\" data-id=\"df982de\" data-element_type=\"widget\" data-settings=\"{&quot;_animation&quot;:&quot;fadeInRight&quot;,&quot;_animation_mobile&quot;:&quot;none&quot;}\" data-widget_type=\"heading.default\">\n\t\t\t\t<div class=\"elementor-widget-container\">\n\t\t\t\t\t<p class=\"elementor-heading-title elementor-size-default\">Nur 5 Schritte bis zum Start<\/p>\t\t\t\t<\/div>\n\t\t\t\t<\/div>\n\t\t\t\t\t<\/div>\n\t\t\t\t<\/div>\n\t\t<div class=\"elementor-element elementor-element-fd08d15 elementor-hidden-mobile e-flex e-con-boxed e-con e-parent\" data-id=\"fd08d15\" data-element_type=\"container\" data-settings=\"{&quot;background_background&quot;:&quot;classic&quot;}\">\n\t\t\t\t\t<div class=\"e-con-inner\">\n\t\t<div class=\"elementor-element elementor-element-f39f865 e-grid e-con-full e-con e-child\" data-id=\"f39f865\" data-element_type=\"container\">\n\t\t<div class=\"elementor-element elementor-element-e1168fa e-con-full e-flex e-con e-child\" data-id=\"e1168fa\" data-element_type=\"container\" data-settings=\"{&quot;background_background&quot;:&quot;classic&quot;}\">\n\t\t\t\t<div class=\"elementor-element elementor-element-1f96c47 elementor-widget elementor-widget-image\" data-id=\"1f96c47\" data-element_type=\"widget\" data-widget_type=\"image.default\">\n\t\t\t\t<div class=\"elementor-widget-container\">\n\t\t\t\t\t\t\t\t\t\t\t\t\t\t\t<img fetchpriority=\"high\" decoding=\"async\" width=\"695\" height=\"483\" src=\"https:\/\/jiangbosigns.com\/wp-content\/uploads\/2025\/07\/100-1.png\" class=\"attachment-full size-full wp-image-26094\" alt=\"\" srcset=\"https:\/\/jiangbosigns.com\/wp-content\/uploads\/2025\/07\/100-1.png 695w, https:\/\/jiangbosigns.com\/wp-content\/uploads\/2025\/07\/100-1-300x208.png 300w\" sizes=\"(max-width: 695px) 100vw, 695px\" \/>\t\t\t\t\t\t\t\t\t\t\t\t\t\t\t<\/div>\n\t\t\t\t<\/div>\n\t\t\t\t<div class=\"elementor-element elementor-element-8261018 elementor-widget__width-initial elementor-widget elementor-widget-heading\" data-id=\"8261018\" data-element_type=\"widget\" data-widget_type=\"heading.default\">\n\t\t\t\t<div class=\"elementor-widget-container\">\n\t\t\t\t\t<h2 class=\"elementor-heading-title elementor-size-default\">Erstkommunikation<\/h2>\t\t\t\t<\/div>\n\t\t\t\t<\/div>\n\t\t\t\t<div class=\"elementor-element elementor-element-63ba7f1 elementor-widget__width-initial elementor-widget elementor-widget-heading\" data-id=\"63ba7f1\" data-element_type=\"widget\" data-widget_type=\"heading.default\">\n\t\t\t\t<div class=\"elementor-widget-container\">\n\t\t\t\t\t<h2 class=\"elementor-heading-title elementor-size-default\">1<\/h2>\t\t\t\t<\/div>\n\t\t\t\t<\/div>\n\t\t\t\t<div class=\"elementor-element elementor-element-631312d elementor-widget__width-initial elementor-widget elementor-widget-text-editor\" data-id=\"631312d\" data-element_type=\"widget\" data-widget_type=\"text-editor.default\">\n\t\t\t\t<div class=\"elementor-widget-container\">\n\t\t\t\t\t\t\t\t\tAnfrageformular absenden oder Kontakt aufnehmen\t\t\t\t\t\t\t\t<\/div>\n\t\t\t\t<\/div>\n\t\t\t\t<\/div>\n\t\t<div class=\"elementor-element elementor-element-79634da e-con-full e-flex e-con e-child\" data-id=\"79634da\" data-element_type=\"container\" data-settings=\"{&quot;background_background&quot;:&quot;classic&quot;}\">\n\t\t\t\t<div class=\"elementor-element elementor-element-7eb1219 elementor-widget elementor-widget-image\" data-id=\"7eb1219\" data-element_type=\"widget\" data-widget_type=\"image.default\">\n\t\t\t\t<div class=\"elementor-widget-container\">\n\t\t\t\t\t\t\t\t\t\t\t\t\t\t\t<img decoding=\"async\" width=\"695\" height=\"483\" src=\"https:\/\/jiangbosigns.com\/wp-content\/uploads\/2025\/07\/100-2.png\" class=\"attachment-full size-full wp-image-26087\" alt=\"\" srcset=\"https:\/\/jiangbosigns.com\/wp-content\/uploads\/2025\/07\/100-2.png 695w, https:\/\/jiangbosigns.com\/wp-content\/uploads\/2025\/07\/100-2-300x208.png 300w\" sizes=\"(max-width: 695px) 100vw, 695px\" \/>\t\t\t\t\t\t\t\t\t\t\t\t\t\t\t<\/div>\n\t\t\t\t<\/div>\n\t\t\t\t<div class=\"elementor-element elementor-element-af8b3e1 elementor-widget__width-initial elementor-widget elementor-widget-heading\" data-id=\"af8b3e1\" data-element_type=\"widget\" data-widget_type=\"heading.default\">\n\t\t\t\t<div class=\"elementor-widget-container\">\n\t\t\t\t\t<h2 class=\"elementor-heading-title elementor-size-default\">L\u00f6sungsbest\u00e4tigung<\/h2>\t\t\t\t<\/div>\n\t\t\t\t<\/div>\n\t\t\t\t<div class=\"elementor-element elementor-element-6abe13a elementor-widget__width-initial elementor-widget elementor-widget-heading\" data-id=\"6abe13a\" data-element_type=\"widget\" data-widget_type=\"heading.default\">\n\t\t\t\t<div class=\"elementor-widget-container\">\n\t\t\t\t\t<h2 class=\"elementor-heading-title elementor-size-default\">2<\/h2>\t\t\t\t<\/div>\n\t\t\t\t<\/div>\n\t\t\t\t<div class=\"elementor-element elementor-element-6d959d3 elementor-widget__width-initial elementor-widget elementor-widget-text-editor\" data-id=\"6d959d3\" data-element_type=\"widget\" data-widget_type=\"text-editor.default\">\n\t\t\t\t<div class=\"elementor-widget-container\">\n\t\t\t\t\t\t\t\t\tWir liefern Entw\u00fcrfe, Muster oder Angebote\t\t\t\t\t\t\t\t<\/div>\n\t\t\t\t<\/div>\n\t\t\t\t<\/div>\n\t\t<div class=\"elementor-element elementor-element-3ed0811 e-con-full e-flex e-con e-child\" data-id=\"3ed0811\" data-element_type=\"container\" data-settings=\"{&quot;background_background&quot;:&quot;classic&quot;}\">\n\t\t\t\t<div class=\"elementor-element elementor-element-8c840af elementor-widget elementor-widget-image\" data-id=\"8c840af\" data-element_type=\"widget\" data-widget_type=\"image.default\">\n\t\t\t\t<div class=\"elementor-widget-container\">\n\t\t\t\t\t\t\t\t\t\t\t\t\t\t\t<img decoding=\"async\" width=\"695\" height=\"483\" src=\"https:\/\/jiangbosigns.com\/wp-content\/uploads\/2025\/07\/100-3.png\" class=\"attachment-full size-full wp-image-26080\" alt=\"\" srcset=\"https:\/\/jiangbosigns.com\/wp-content\/uploads\/2025\/07\/100-3.png 695w, https:\/\/jiangbosigns.com\/wp-content\/uploads\/2025\/07\/100-3-300x208.png 300w\" sizes=\"(max-width: 695px) 100vw, 695px\" \/>\t\t\t\t\t\t\t\t\t\t\t\t\t\t\t<\/div>\n\t\t\t\t<\/div>\n\t\t\t\t<div class=\"elementor-element elementor-element-dc6cf66 elementor-widget__width-initial elementor-widget elementor-widget-heading\" data-id=\"dc6cf66\" data-element_type=\"widget\" data-widget_type=\"heading.default\">\n\t\t\t\t<div class=\"elementor-widget-container\">\n\t\t\t\t\t<h2 class=\"elementor-heading-title elementor-size-default\">Vertragsvereinbarung<\/h2>\t\t\t\t<\/div>\n\t\t\t\t<\/div>\n\t\t\t\t<div class=\"elementor-element elementor-element-55d4a4c elementor-widget__width-initial elementor-widget elementor-widget-heading\" data-id=\"55d4a4c\" data-element_type=\"widget\" data-widget_type=\"heading.default\">\n\t\t\t\t<div class=\"elementor-widget-container\">\n\t\t\t\t\t<h2 class=\"elementor-heading-title elementor-size-default\">3<\/h2>\t\t\t\t<\/div>\n\t\t\t\t<\/div>\n\t\t\t\t<div class=\"elementor-element elementor-element-821c92e elementor-widget__width-initial elementor-widget elementor-widget-text-editor\" data-id=\"821c92e\" data-element_type=\"widget\" data-widget_type=\"text-editor.default\">\n\t\t\t\t<div class=\"elementor-widget-container\">\n\t\t\t\t\t\t\t\t\tBedingungen, Lieferzeit und Zahlung festlegen\t\t\t\t\t\t\t\t<\/div>\n\t\t\t\t<\/div>\n\t\t\t\t<\/div>\n\t\t<div class=\"elementor-element elementor-element-0af255f e-con-full e-flex e-con e-child\" data-id=\"0af255f\" data-element_type=\"container\" data-settings=\"{&quot;background_background&quot;:&quot;classic&quot;}\">\n\t\t\t\t<div class=\"elementor-element elementor-element-f5dad10 elementor-widget elementor-widget-image\" data-id=\"f5dad10\" data-element_type=\"widget\" data-widget_type=\"image.default\">\n\t\t\t\t<div class=\"elementor-widget-container\">\n\t\t\t\t\t\t\t\t\t\t\t\t\t\t\t<img loading=\"lazy\" decoding=\"async\" width=\"695\" height=\"483\" src=\"https:\/\/jiangbosigns.com\/wp-content\/uploads\/2025\/07\/100-4.png\" class=\"attachment-full size-full wp-image-26073\" alt=\"\" srcset=\"https:\/\/jiangbosigns.com\/wp-content\/uploads\/2025\/07\/100-4.png 695w, https:\/\/jiangbosigns.com\/wp-content\/uploads\/2025\/07\/100-4-300x208.png 300w\" sizes=\"(max-width: 695px) 100vw, 695px\" \/>\t\t\t\t\t\t\t\t\t\t\t\t\t\t\t<\/div>\n\t\t\t\t<\/div>\n\t\t\t\t<div class=\"elementor-element elementor-element-bfcdaab elementor-widget__width-initial elementor-widget elementor-widget-heading\" data-id=\"bfcdaab\" data-element_type=\"widget\" data-widget_type=\"heading.default\">\n\t\t\t\t<div class=\"elementor-widget-container\">\n\t\t\t\t\t<h2 class=\"elementor-heading-title elementor-size-default\">Produktion &amp; Lieferung<\/h2>\t\t\t\t<\/div>\n\t\t\t\t<\/div>\n\t\t\t\t<div class=\"elementor-element elementor-element-5058120 elementor-widget__width-initial elementor-widget elementor-widget-heading\" data-id=\"5058120\" data-element_type=\"widget\" data-widget_type=\"heading.default\">\n\t\t\t\t<div class=\"elementor-widget-container\">\n\t\t\t\t\t<h2 class=\"elementor-heading-title elementor-size-default\">4<\/h2>\t\t\t\t<\/div>\n\t\t\t\t<\/div>\n\t\t\t\t<div class=\"elementor-element elementor-element-e089e00 elementor-widget__width-initial elementor-widget elementor-widget-text-editor\" data-id=\"e089e00\" data-element_type=\"widget\" data-widget_type=\"text-editor.default\">\n\t\t\t\t<div class=\"elementor-widget-container\">\n\t\t\t\t\t\t\t\t\t<p>Geplante Fertigung und p\u00fcnktlicher Versand<\/p>\t\t\t\t\t\t\t\t<\/div>\n\t\t\t\t<\/div>\n\t\t\t\t<\/div>\n\t\t<div class=\"elementor-element elementor-element-7ddcb20 e-con-full e-flex e-con e-child\" data-id=\"7ddcb20\" data-element_type=\"container\" data-settings=\"{&quot;background_background&quot;:&quot;classic&quot;}\">\n\t\t\t\t<div class=\"elementor-element elementor-element-0bc5b2e elementor-widget elementor-widget-image\" data-id=\"0bc5b2e\" data-element_type=\"widget\" data-widget_type=\"image.default\">\n\t\t\t\t<div class=\"elementor-widget-container\">\n\t\t\t\t\t\t\t\t\t\t\t\t\t\t\t<img loading=\"lazy\" decoding=\"async\" width=\"695\" height=\"483\" src=\"https:\/\/jiangbosigns.com\/wp-content\/uploads\/2025\/07\/100-5.png\" class=\"attachment-full size-full wp-image-26101\" alt=\"\" srcset=\"https:\/\/jiangbosigns.com\/wp-content\/uploads\/2025\/07\/100-5.png 695w, https:\/\/jiangbosigns.com\/wp-content\/uploads\/2025\/07\/100-5-300x208.png 300w\" sizes=\"(max-width: 695px) 100vw, 695px\" \/>\t\t\t\t\t\t\t\t\t\t\t\t\t\t\t<\/div>\n\t\t\t\t<\/div>\n\t\t\t\t<div class=\"elementor-element elementor-element-ed84d89 elementor-widget__width-initial elementor-widget elementor-widget-heading\" data-id=\"ed84d89\" data-element_type=\"widget\" data-widget_type=\"heading.default\">\n\t\t\t\t<div class=\"elementor-widget-container\">\n\t\t\t\t\t<h2 class=\"elementor-heading-title elementor-size-default\">After-Sales-Support<\/h2>\t\t\t\t<\/div>\n\t\t\t\t<\/div>\n\t\t\t\t<div class=\"elementor-element elementor-element-753a919 elementor-widget__width-initial elementor-widget elementor-widget-heading\" data-id=\"753a919\" data-element_type=\"widget\" data-widget_type=\"heading.default\">\n\t\t\t\t<div class=\"elementor-widget-container\">\n\t\t\t\t\t<h2 class=\"elementor-heading-title elementor-size-default\">5<\/h2>\t\t\t\t<\/div>\n\t\t\t\t<\/div>\n\t\t\t\t<div class=\"elementor-element elementor-element-19129b7 elementor-widget__width-initial elementor-widget elementor-widget-text-editor\" data-id=\"19129b7\" data-element_type=\"widget\" data-widget_type=\"text-editor.default\">\n\t\t\t\t<div class=\"elementor-widget-container\">\n\t\t\t\t\t\t\t\t\tLaufende Betreuung f\u00fcr Nachbestellungen und Updates\t\t\t\t\t\t\t\t<\/div>\n\t\t\t\t<\/div>\n\t\t\t\t<\/div>\n\t\t\t\t<\/div>\n\t\t\t\t\t<\/div>\n\t\t\t\t<\/div>\n\t\t\t\t<\/div>\n\t\t","protected":false},"excerpt":{"rendered":"<p>Nur 5 Schritte bis zum Start Erstkommunikation 1 Anfrageformular absenden oder Kontakt aufnehmen L\u00f6sungsbest\u00e4tigung 2 Wir liefern Entw\u00fcrfe, Muster oder Angebote Vertragsvereinbarung 3 Bedingungen, Lieferzeit und Zahlung festlegen Produktion &amp; Lieferung 4 Geplante Fertigung und p\u00fcnktlicher Versand After-Sales-Support 5 Laufende Betreuung f\u00fcr Nachbestellungen und Updates<\/p>\n","protected":false},"author":1,"featured_media":0,"parent":0,"menu_order":0,"comment_status":"closed","ping_status":"closed","template":"elementor_header_footer","meta":{"footnotes":""},"class_list":["post-27699","page","type-page","status-publish","hentry"],"_links":{"self":[{"href":"https:\/\/jiangbosigns.com\/de\/wp-json\/wp\/v2\/pages\/27699","targetHints":{"allow":["GET"]}}],"collection":[{"href":"https:\/\/jiangbosigns.com\/de\/wp-json\/wp\/v2\/pages"}],"about":[{"href":"https:\/\/jiangbosigns.com\/de\/wp-json\/wp\/v2\/types\/page"}],"author":[{"embeddable":true,"href":"https:\/\/jiangbosigns.com\/de\/wp-json\/wp\/v2\/users\/1"}],"replies":[{"embeddable":true,"href":"https:\/\/jiangbosigns.com\/de\/wp-json\/wp\/v2\/comments?post=27699"}],"version-history":[{"count":1,"href":"https:\/\/jiangbosigns.com\/de\/wp-json\/wp\/v2\/pages\/27699\/revisions"}],"predecessor-version":[{"id":27700,"href":"https:\/\/jiangbosigns.com\/de\/wp-json\/wp\/v2\/pages\/27699\/revisions\/27700"}],"wp:attachment":[{"href":"https:\/\/jiangbosigns.com\/de\/wp-json\/wp\/v2\/media?parent=27699"}],"curies":[{"name":"wp","href":"https:\/\/api.w.org\/{rel}","templated":true}]}}