{"id":27603,"date":"2025-08-07T05:22:51","date_gmt":"2025-08-07T05:22:51","guid":{"rendered":"https:\/\/jiangbosigns.com\/?page_id=27603"},"modified":"2025-08-07T05:29:47","modified_gmt":"2025-08-07T05:29:47","slug":"erlauterte-kooperationsmodelle","status":"publish","type":"page","link":"https:\/\/jiangbosigns.com\/de\/erlauterte-kooperationsmodelle\/","title":{"rendered":"Erl\u00e4uterte Kooperationsmodelle"},"content":{"rendered":"\t\t<div data-elementor-type=\"wp-page\" data-elementor-id=\"27603\" class=\"elementor elementor-27603 elementor-27601\" data-elementor-post-type=\"page\">\n\t\t\t\t\t\t<section class=\"elementor-section elementor-top-section elementor-element elementor-element-14c100c elementor-section-boxed elementor-section-height-default elementor-section-height-default\" data-id=\"14c100c\" data-element_type=\"section\" data-settings=\"{&quot;background_background&quot;:&quot;classic&quot;}\">\n\t\t\t\t\t\t\t<div class=\"elementor-background-overlay\"><\/div>\n\t\t\t\t\t\t\t<div class=\"elementor-container elementor-column-gap-no\">\n\t\t\t\t\t<div class=\"elementor-column elementor-col-100 elementor-top-column elementor-element elementor-element-d896a45\" data-id=\"d896a45\" data-element_type=\"column\" data-settings=\"{&quot;background_background&quot;:&quot;classic&quot;}\">\n\t\t\t<div class=\"elementor-widget-wrap elementor-element-populated\">\n\t\t\t\t\t\t<div class=\"elementor-element elementor-element-2faafbc elementor-widget__width-initial animated-fast elementor-invisible elementor-widget elementor-widget-heading\" data-id=\"2faafbc\" data-element_type=\"widget\" data-settings=\"{&quot;_animation&quot;:&quot;fadeInUp&quot;,&quot;_animation_mobile&quot;:&quot;none&quot;}\" data-widget_type=\"heading.default\">\n\t\t\t\t<div class=\"elementor-widget-container\">\n\t\t\t\t\t<h2 class=\"elementor-heading-title elementor-size-default\">Erl\u00e4uterte Kooperationsmodelle<\/h2>\t\t\t\t<\/div>\n\t\t\t\t<\/div>\n\t\t\t\t\t<\/div>\n\t\t<\/div>\n\t\t\t\t\t<\/div>\n\t\t<\/section>\n\t\t<div class=\"elementor-element elementor-element-cdf1e3d e-flex e-con-boxed e-con e-parent\" data-id=\"cdf1e3d\" data-element_type=\"container\">\n\t\t\t\t\t<div class=\"e-con-inner\">\n\t\t\t\t<div class=\"elementor-element elementor-element-4ddc238 elementor-widget elementor-widget-image\" data-id=\"4ddc238\" data-element_type=\"widget\" data-widget_type=\"image.default\">\n\t\t\t\t<div class=\"elementor-widget-container\">\n\t\t\t\t\t\t\t\t\t\t\t\t\t\t\t<img fetchpriority=\"high\" decoding=\"async\" width=\"2000\" height=\"1125\" src=\"https:\/\/jiangbosigns.com\/wp-content\/uploads\/2025\/07\/7153434.png\" class=\"attachment-full size-full wp-image-25919\" alt=\"\" srcset=\"https:\/\/jiangbosigns.com\/wp-content\/uploads\/2025\/07\/7153434.png 2000w, https:\/\/jiangbosigns.com\/wp-content\/uploads\/2025\/07\/7153434-800x450.png 800w, https:\/\/jiangbosigns.com\/wp-content\/uploads\/2025\/07\/7153434-300x169.png 300w, https:\/\/jiangbosigns.com\/wp-content\/uploads\/2025\/07\/7153434-1024x576.png 1024w, https:\/\/jiangbosigns.com\/wp-content\/uploads\/2025\/07\/7153434-768x432.png 768w, https:\/\/jiangbosigns.com\/wp-content\/uploads\/2025\/07\/7153434-1536x864.png 1536w\" sizes=\"(max-width: 2000px) 100vw, 2000px\" \/>\t\t\t\t\t\t\t\t\t\t\t\t\t\t\t<\/div>\n\t\t\t\t<\/div>\n\t\t\t\t<div class=\"elementor-element elementor-element-fef16ac elementor-widget elementor-widget-spacer\" data-id=\"fef16ac\" data-element_type=\"widget\" data-widget_type=\"spacer.default\">\n\t\t\t\t<div class=\"elementor-widget-container\">\n\t\t\t\t\t\t\t<div class=\"elementor-spacer\">\n\t\t\t<div class=\"elementor-spacer-inner\"><\/div>\n\t\t<\/div>\n\t\t\t\t\t\t<\/div>\n\t\t\t\t<\/div>\n\t\t\t\t<div class=\"elementor-element elementor-element-c8f5a4a elementor-widget__width-initial animated-fast elementor-widget-tablet__width-inherit elementor-invisible elementor-widget elementor-widget-heading\" data-id=\"c8f5a4a\" data-element_type=\"widget\" data-settings=\"{&quot;_animation&quot;:&quot;fadeInRight&quot;,&quot;_animation_mobile&quot;:&quot;none&quot;}\" data-widget_type=\"heading.default\">\n\t\t\t\t<div class=\"elementor-widget-container\">\n\t\t\t\t\t<p class=\"elementor-heading-title elementor-size-default\">Wir bieten flexible Kooperationsmodelle, die auf unterschiedliche gesch\u00e4ftliche Anforderungen zugeschnitten sind, darunter OEM-, ODM-, Gro\u00dfeinkaufs- und regionale Agenturpartnerschaften:<\/p>\t\t\t\t<\/div>\n\t\t\t\t<\/div>\n\t\t\t\t\t<\/div>\n\t\t\t\t<\/div>\n\t\t<div class=\"elementor-element elementor-element-00dc000 e-grid e-con-boxed e-con e-parent\" data-id=\"00dc000\" data-element_type=\"container\">\n\t\t\t\t\t<div class=\"e-con-inner\">\n\t\t\t\t<div class=\"elementor-element elementor-element-87e8f74 elementor-position-top elementor-widget elementor-widget-image-box\" data-id=\"87e8f74\" data-element_type=\"widget\" data-widget_type=\"image-box.default\">\n\t\t\t\t<div class=\"elementor-widget-container\">\n\t\t\t\t\t<div class=\"elementor-image-box-wrapper\"><figure class=\"elementor-image-box-img\"><img decoding=\"async\" width=\"800\" height=\"800\" src=\"https:\/\/jiangbosigns.com\/wp-content\/uploads\/2025\/07\/1-6.png\" class=\"attachment-full size-full wp-image-26311\" alt=\"\" srcset=\"https:\/\/jiangbosigns.com\/wp-content\/uploads\/2025\/07\/1-6.png 800w, https:\/\/jiangbosigns.com\/wp-content\/uploads\/2025\/07\/1-6-100x100.png 100w, https:\/\/jiangbosigns.com\/wp-content\/uploads\/2025\/07\/1-6-300x300.png 300w, https:\/\/jiangbosigns.com\/wp-content\/uploads\/2025\/07\/1-6-150x150.png 150w, https:\/\/jiangbosigns.com\/wp-content\/uploads\/2025\/07\/1-6-768x768.png 768w\" sizes=\"(max-width: 800px) 100vw, 800px\" \/><\/figure><div class=\"elementor-image-box-content\"><h3 class=\"elementor-image-box-title\">OEM<\/h3><p class=\"elementor-image-box-description\">Sie stellen die Marke und das Design bereit; wir k\u00fcmmern uns um Produktion und Lieferung<\/p><\/div><\/div>\t\t\t\t<\/div>\n\t\t\t\t<\/div>\n\t\t\t\t<div class=\"elementor-element elementor-element-e88dd3a elementor-position-top elementor-widget elementor-widget-image-box\" data-id=\"e88dd3a\" data-element_type=\"widget\" data-widget_type=\"image-box.default\">\n\t\t\t\t<div class=\"elementor-widget-container\">\n\t\t\t\t\t<div class=\"elementor-image-box-wrapper\"><figure class=\"elementor-image-box-img\"><img decoding=\"async\" width=\"800\" height=\"800\" src=\"https:\/\/jiangbosigns.com\/wp-content\/uploads\/2025\/07\/2-6.png\" class=\"attachment-full size-full wp-image-26304\" alt=\"\" srcset=\"https:\/\/jiangbosigns.com\/wp-content\/uploads\/2025\/07\/2-6.png 800w, https:\/\/jiangbosigns.com\/wp-content\/uploads\/2025\/07\/2-6-100x100.png 100w, https:\/\/jiangbosigns.com\/wp-content\/uploads\/2025\/07\/2-6-300x300.png 300w, https:\/\/jiangbosigns.com\/wp-content\/uploads\/2025\/07\/2-6-150x150.png 150w, https:\/\/jiangbosigns.com\/wp-content\/uploads\/2025\/07\/2-6-768x768.png 768w\" sizes=\"(max-width: 800px) 100vw, 800px\" \/><\/figure><div class=\"elementor-image-box-content\"><h3 class=\"elementor-image-box-title\">ODM<\/h3><p class=\"elementor-image-box-description\">Sie pr\u00e4sentieren Ihre Bed\u00fcrfnisse; wir bieten End-to-End-Design- und Fertigungsl\u00f6sungen<\/p><\/div><\/div>\t\t\t\t<\/div>\n\t\t\t\t<\/div>\n\t\t\t\t<div class=\"elementor-element elementor-element-b3640c0 elementor-position-top elementor-widget elementor-widget-image-box\" data-id=\"b3640c0\" data-element_type=\"widget\" data-widget_type=\"image-box.default\">\n\t\t\t\t<div class=\"elementor-widget-container\">\n\t\t\t\t\t<div class=\"elementor-image-box-wrapper\"><figure class=\"elementor-image-box-img\"><img loading=\"lazy\" decoding=\"async\" width=\"800\" height=\"800\" src=\"https:\/\/jiangbosigns.com\/wp-content\/uploads\/2025\/07\/3-5.png\" class=\"attachment-full size-full wp-image-26318\" alt=\"\" srcset=\"https:\/\/jiangbosigns.com\/wp-content\/uploads\/2025\/07\/3-5.png 800w, https:\/\/jiangbosigns.com\/wp-content\/uploads\/2025\/07\/3-5-100x100.png 100w, https:\/\/jiangbosigns.com\/wp-content\/uploads\/2025\/07\/3-5-300x300.png 300w, https:\/\/jiangbosigns.com\/wp-content\/uploads\/2025\/07\/3-5-150x150.png 150w, https:\/\/jiangbosigns.com\/wp-content\/uploads\/2025\/07\/3-5-768x768.png 768w\" sizes=\"(max-width: 800px) 100vw, 800px\" \/><\/figure><div class=\"elementor-image-box-content\"><h3 class=\"elementor-image-box-title\">Regionale Agentur<\/h3><p class=\"elementor-image-box-description\">Autorisierte Partner werben und verkaufen innerhalb zugewiesener Regionen<\/p><\/div><\/div>\t\t\t\t<\/div>\n\t\t\t\t<\/div>\n\t\t\t\t<div class=\"elementor-element elementor-element-37892e4 elementor-position-top elementor-widget elementor-widget-image-box\" data-id=\"37892e4\" data-element_type=\"widget\" data-widget_type=\"image-box.default\">\n\t\t\t\t<div class=\"elementor-widget-container\">\n\t\t\t\t\t<div class=\"elementor-image-box-wrapper\"><figure class=\"elementor-image-box-img\"><img loading=\"lazy\" decoding=\"async\" width=\"800\" height=\"800\" src=\"https:\/\/jiangbosigns.com\/wp-content\/uploads\/2025\/07\/4-3.png\" class=\"attachment-full size-full wp-image-26325\" alt=\"\" srcset=\"https:\/\/jiangbosigns.com\/wp-content\/uploads\/2025\/07\/4-3.png 800w, https:\/\/jiangbosigns.com\/wp-content\/uploads\/2025\/07\/4-3-100x100.png 100w, https:\/\/jiangbosigns.com\/wp-content\/uploads\/2025\/07\/4-3-300x300.png 300w, https:\/\/jiangbosigns.com\/wp-content\/uploads\/2025\/07\/4-3-150x150.png 150w, https:\/\/jiangbosigns.com\/wp-content\/uploads\/2025\/07\/4-3-768x768.png 768w\" sizes=\"(max-width: 800px) 100vw, 800px\" \/><\/figure><div class=\"elementor-image-box-content\"><h3 class=\"elementor-image-box-title\">Projektzusammenarbeit<\/h3><p class=\"elementor-image-box-description\">Schl\u00fcsselfertige Unterst\u00fctzung f\u00fcr Gro\u00dfprojekte mit kundenspezifischen Beschilderungsl\u00f6sungen<\/p><\/div><\/div>\t\t\t\t<\/div>\n\t\t\t\t<\/div>\n\t\t\t\t\t<\/div>\n\t\t\t\t<\/div>\n\t\t\t\t<\/div>\n\t\t","protected":false},"excerpt":{"rendered":"<p>Wir bieten flexible Kooperationsmodelle, die auf unterschiedliche gesch\u00e4ftliche Anforderungen zugeschnitten sind, darunter OEM-, ODM-, Gro\u00dfeinkaufs- und regionale Agenturpartnerschaften: OEM Sie stellen die Marke und das Design bereit; wir k\u00fcmmern uns um Produktion und Lieferung ODM Sie pr\u00e4sentieren Ihre Bed\u00fcrfnisse; wir bieten End-to-End-Design- und Fertigungsl\u00f6sungen Regionale Agentur Autorisierte Partner werben und verkaufen innerhalb zugewiesener Regionen Projektzusammenarbeit [&hellip;]<\/p>\n","protected":false},"author":1,"featured_media":0,"parent":0,"menu_order":0,"comment_status":"closed","ping_status":"closed","template":"elementor_header_footer","meta":{"footnotes":""},"class_list":["post-27603","page","type-page","status-publish","hentry"],"_links":{"self":[{"href":"https:\/\/jiangbosigns.com\/de\/wp-json\/wp\/v2\/pages\/27603","targetHints":{"allow":["GET"]}}],"collection":[{"href":"https:\/\/jiangbosigns.com\/de\/wp-json\/wp\/v2\/pages"}],"about":[{"href":"https:\/\/jiangbosigns.com\/de\/wp-json\/wp\/v2\/types\/page"}],"author":[{"embeddable":true,"href":"https:\/\/jiangbosigns.com\/de\/wp-json\/wp\/v2\/users\/1"}],"replies":[{"embeddable":true,"href":"https:\/\/jiangbosigns.com\/de\/wp-json\/wp\/v2\/comments?post=27603"}],"version-history":[{"count":1,"href":"https:\/\/jiangbosigns.com\/de\/wp-json\/wp\/v2\/pages\/27603\/revisions"}],"predecessor-version":[{"id":27610,"href":"https:\/\/jiangbosigns.com\/de\/wp-json\/wp\/v2\/pages\/27603\/revisions\/27610"}],"wp:attachment":[{"href":"https:\/\/jiangbosigns.com\/de\/wp-json\/wp\/v2\/media?parent=27603"}],"curies":[{"name":"wp","href":"https:\/\/api.w.org\/{rel}","templated":true}]}}