{"id":27460,"date":"2025-07-17T03:07:36","date_gmt":"2025-07-17T03:07:36","guid":{"rendered":"https:\/\/jiangbosigns.com\/veranschaulichte-servicevorteile\/"},"modified":"2025-08-06T05:41:05","modified_gmt":"2025-08-06T05:41:05","slug":"veranschaulichte-servicevorteile","status":"publish","type":"page","link":"https:\/\/jiangbosigns.com\/de\/veranschaulichte-servicevorteile\/","title":{"rendered":"Veranschaulichte Servicevorteile"},"content":{"rendered":"\t\t<div data-elementor-type=\"wp-page\" data-elementor-id=\"27460\" class=\"elementor elementor-27460 elementor-22076\" data-elementor-post-type=\"page\">\n\t\t\t\t\t\t<section class=\"elementor-section elementor-top-section elementor-element elementor-element-867f61c elementor-section-boxed elementor-section-height-default elementor-section-height-default\" data-id=\"867f61c\" data-element_type=\"section\" data-settings=\"{&quot;background_background&quot;:&quot;classic&quot;}\">\n\t\t\t\t\t\t\t<div class=\"elementor-background-overlay\"><\/div>\n\t\t\t\t\t\t\t<div class=\"elementor-container elementor-column-gap-no\">\n\t\t\t\t\t<div class=\"elementor-column elementor-col-100 elementor-top-column elementor-element elementor-element-8d1b5a7\" data-id=\"8d1b5a7\" data-element_type=\"column\" data-settings=\"{&quot;background_background&quot;:&quot;classic&quot;}\">\n\t\t\t<div class=\"elementor-widget-wrap elementor-element-populated\">\n\t\t\t\t\t\t<div class=\"elementor-element elementor-element-51bfa8b elementor-widget__width-initial animated-fast elementor-invisible elementor-widget elementor-widget-heading\" data-id=\"51bfa8b\" data-element_type=\"widget\" data-settings=\"{&quot;_animation&quot;:&quot;fadeInUp&quot;,&quot;_animation_mobile&quot;:&quot;none&quot;}\" data-widget_type=\"heading.default\">\n\t\t\t\t<div class=\"elementor-widget-container\">\n\t\t\t\t\t<h2 class=\"elementor-heading-title elementor-size-default\">Veranschaulichte Servicevorteile<\/h2>\t\t\t\t<\/div>\n\t\t\t\t<\/div>\n\t\t\t\t\t<\/div>\n\t\t<\/div>\n\t\t\t\t\t<\/div>\n\t\t<\/section>\n\t\t<div class=\"elementor-element elementor-element-9c5cecf e-flex e-con-boxed e-con e-parent\" data-id=\"9c5cecf\" data-element_type=\"container\">\n\t\t\t\t\t<div class=\"e-con-inner\">\n\t\t\t\t<div class=\"elementor-element elementor-element-23b0712 elementor-widget__width-initial animated-fast elementor-widget-tablet__width-inherit elementor-invisible elementor-widget elementor-widget-heading\" data-id=\"23b0712\" data-element_type=\"widget\" data-settings=\"{&quot;_animation&quot;:&quot;fadeInRight&quot;,&quot;_animation_mobile&quot;:&quot;none&quot;}\" data-widget_type=\"heading.default\">\n\t\t\t\t<div class=\"elementor-widget-container\">\n\t\t\t\t\t<p class=\"elementor-heading-title elementor-size-default\">Unsere wichtigsten Servicevorteile erm\u00f6glichen Partnern langfristigen Erfolg<\/p>\t\t\t\t<\/div>\n\t\t\t\t<\/div>\n\t\t\t\t\t<\/div>\n\t\t\t\t<\/div>\n\t\t<div class=\"elementor-element elementor-element-cc0a931 animated-fast e-grid e-con-boxed elementor-invisible e-con e-parent\" data-id=\"cc0a931\" data-element_type=\"container\" data-settings=\"{&quot;background_background&quot;:&quot;classic&quot;,&quot;animation&quot;:&quot;fadeInUp&quot;,&quot;animation_mobile&quot;:&quot;none&quot;}\">\n\t\t\t\t\t<div class=\"e-con-inner\">\n\t\t<div class=\"elementor-element elementor-element-1da9b35 e-con-full e-flex e-con e-child\" data-id=\"1da9b35\" data-element_type=\"container\" data-settings=\"{&quot;background_background&quot;:&quot;classic&quot;}\">\n\t\t\t\t<div class=\"elementor-element elementor-element-fede2a5 elementor-position-top elementor-widget elementor-widget-image-box\" data-id=\"fede2a5\" data-element_type=\"widget\" data-widget_type=\"image-box.default\">\n\t\t\t\t<div class=\"elementor-widget-container\">\n\t\t\t\t\t<div class=\"elementor-image-box-wrapper\"><figure class=\"elementor-image-box-img\"><img decoding=\"async\" src=\"https:\/\/jiangbosigns.com\/wp-content\/uploads\/elementor\/thumbs\/1-3-r8vt7bgral1rinig2m0u2y59fa6unayxa8xphnm0kc.png\" title=\"\" alt=\"\" loading=\"lazy\" \/><\/figure><div class=\"elementor-image-box-content\"><h3 class=\"elementor-image-box-title\">Premium-Qualit\u00e4t<\/h3><p class=\"elementor-image-box-description\">Umweltfreundliche Materialien, strenge Qualit\u00e4tskontrollstandards<\/p><\/div><\/div>\t\t\t\t<\/div>\n\t\t\t\t<\/div>\n\t\t\t\t<\/div>\n\t\t<div class=\"elementor-element elementor-element-10b9e1e e-con-full e-flex e-con e-child\" data-id=\"10b9e1e\" data-element_type=\"container\" data-settings=\"{&quot;background_background&quot;:&quot;classic&quot;}\">\n\t\t\t\t<div class=\"elementor-element elementor-element-b0bd88b elementor-position-top elementor-widget elementor-widget-image-box\" data-id=\"b0bd88b\" data-element_type=\"widget\" data-widget_type=\"image-box.default\">\n\t\t\t\t<div class=\"elementor-widget-container\">\n\t\t\t\t\t<div class=\"elementor-image-box-wrapper\"><figure class=\"elementor-image-box-img\"><img decoding=\"async\" src=\"https:\/\/jiangbosigns.com\/wp-content\/uploads\/elementor\/thumbs\/2-3-r8vt7h3sfl9hgba95oglhwq0zlf1xhlbb0umdbdnj0.png\" title=\"\" alt=\"\" loading=\"lazy\" \/><\/figure><div class=\"elementor-image-box-content\"><h3 class=\"elementor-image-box-title\">Starke Forschung und Entwicklung<\/h3><p class=\"elementor-image-box-description\">Schnelles Prototyping und komplexe Anpassung<\/p><\/div><\/div>\t\t\t\t<\/div>\n\t\t\t\t<\/div>\n\t\t\t\t<\/div>\n\t\t<div class=\"elementor-element elementor-element-bc34283 e-con-full e-flex e-con e-child\" data-id=\"bc34283\" data-element_type=\"container\" data-settings=\"{&quot;background_background&quot;:&quot;classic&quot;}\">\n\t\t\t\t<div class=\"elementor-element elementor-element-86e0fd1 elementor-position-top elementor-widget elementor-widget-image-box\" data-id=\"86e0fd1\" data-element_type=\"widget\" data-widget_type=\"image-box.default\">\n\t\t\t\t<div class=\"elementor-widget-container\">\n\t\t\t\t\t<div class=\"elementor-image-box-wrapper\"><figure class=\"elementor-image-box-img\"><img decoding=\"async\" src=\"https:\/\/jiangbosigns.com\/wp-content\/uploads\/elementor\/thumbs\/3-2-r8vt7mqtklh7dz228qwcwvasjwn97o7pbsrj8z5aho.png\" title=\"\" alt=\"\" loading=\"lazy\" \/><\/figure><div class=\"elementor-image-box-content\"><h3 class=\"elementor-image-box-title\">Zuverl\u00e4ssige Lieferung<\/h3><p class=\"elementor-image-box-description\">7-Tage-Lieferzeit f\u00fcr Standardbestellungen, ma\u00dfgeschneiderte Pl\u00e4ne f\u00fcr Projekte<\/p><\/div><\/div>\t\t\t\t<\/div>\n\t\t\t\t<\/div>\n\t\t\t\t<\/div>\n\t\t<div class=\"elementor-element elementor-element-6eac04a e-con-full e-flex e-con e-child\" data-id=\"6eac04a\" data-element_type=\"container\" data-settings=\"{&quot;background_background&quot;:&quot;classic&quot;}\">\n\t\t\t\t<div class=\"elementor-element elementor-element-c15afa5 elementor-position-top elementor-widget elementor-widget-image-box\" data-id=\"c15afa5\" data-element_type=\"widget\" data-widget_type=\"image-box.default\">\n\t\t\t\t<div class=\"elementor-widget-container\">\n\t\t\t\t\t<div class=\"elementor-image-box-wrapper\"><figure class=\"elementor-image-box-img\"><img decoding=\"async\" src=\"https:\/\/jiangbosigns.com\/wp-content\/uploads\/elementor\/thumbs\/4-1-r8vt7rg0irnn00v8haxhrc43iu03a5qd0g0yncybmk.png\" title=\"\" alt=\"\" loading=\"lazy\" \/><\/figure><div class=\"elementor-image-box-content\"><h3 class=\"elementor-image-box-title\">Globale Erfahrung<\/h3><p class=\"elementor-image-box-description\">Wir betreuen Kunden in ganz Europa, S\u00fcdostasien, dem Nahen Osten und dar\u00fcber hinaus<\/p><\/div><\/div>\t\t\t\t<\/div>\n\t\t\t\t<\/div>\n\t\t\t\t<\/div>\n\t\t\t\t\t<\/div>\n\t\t\t\t<\/div>\n\t\t\t\t<\/div>\n\t\t","protected":false},"excerpt":{"rendered":"<p>Unsere wichtigsten Servicevorteile erm\u00f6glichen Partnern langfristigen Erfolg Premium-Qualit\u00e4t Umweltfreundliche Materialien, strenge Qualit\u00e4tskontrollstandards Starke Forschung und Entwicklung Schnelles Prototyping und komplexe Anpassung Zuverl\u00e4ssige Lieferung 7-Tage-Lieferzeit f\u00fcr Standardbestellungen, ma\u00dfgeschneiderte Pl\u00e4ne f\u00fcr Projekte Globale Erfahrung Wir betreuen Kunden in ganz Europa, S\u00fcdostasien, dem Nahen Osten und dar\u00fcber hinaus<\/p>\n","protected":false},"author":1,"featured_media":0,"parent":0,"menu_order":0,"comment_status":"closed","ping_status":"closed","template":"elementor_header_footer","meta":{"footnotes":""},"class_list":["post-27460","page","type-page","status-publish","hentry"],"_links":{"self":[{"href":"https:\/\/jiangbosigns.com\/de\/wp-json\/wp\/v2\/pages\/27460","targetHints":{"allow":["GET"]}}],"collection":[{"href":"https:\/\/jiangbosigns.com\/de\/wp-json\/wp\/v2\/pages"}],"about":[{"href":"https:\/\/jiangbosigns.com\/de\/wp-json\/wp\/v2\/types\/page"}],"author":[{"embeddable":true,"href":"https:\/\/jiangbosigns.com\/de\/wp-json\/wp\/v2\/users\/1"}],"replies":[{"embeddable":true,"href":"https:\/\/jiangbosigns.com\/de\/wp-json\/wp\/v2\/comments?post=27460"}],"version-history":[{"count":1,"href":"https:\/\/jiangbosigns.com\/de\/wp-json\/wp\/v2\/pages\/27460\/revisions"}],"predecessor-version":[{"id":27461,"href":"https:\/\/jiangbosigns.com\/de\/wp-json\/wp\/v2\/pages\/27460\/revisions\/27461"}],"wp:attachment":[{"href":"https:\/\/jiangbosigns.com\/de\/wp-json\/wp\/v2\/media?parent=27460"}],"curies":[{"name":"wp","href":"https:\/\/api.w.org\/{rel}","templated":true}]}}