{"id":27288,"date":"2023-05-25T09:20:35","date_gmt":"2023-05-25T09:20:35","guid":{"rendered":"https:\/\/jiangbosigns.com\/firmenprofil\/"},"modified":"2025-08-14T08:27:36","modified_gmt":"2025-08-14T08:27:36","slug":"firmenprofil","status":"publish","type":"page","link":"https:\/\/jiangbosigns.com\/de\/firmenprofil\/","title":{"rendered":"Firmenprofil"},"content":{"rendered":"\t\t<div data-elementor-type=\"wp-page\" data-elementor-id=\"27288\" class=\"elementor elementor-27288 elementor-20225\" data-elementor-post-type=\"page\">\n\t\t\t\t\t\t<section class=\"elementor-section elementor-top-section elementor-element elementor-element-072d201 elementor-section-boxed elementor-section-height-default elementor-section-height-default\" data-id=\"072d201\" data-element_type=\"section\" data-settings=\"{&quot;background_background&quot;:&quot;classic&quot;}\">\n\t\t\t\t\t\t\t<div class=\"elementor-background-overlay\"><\/div>\n\t\t\t\t\t\t\t<div class=\"elementor-container elementor-column-gap-no\">\n\t\t\t\t\t<div class=\"elementor-column elementor-col-100 elementor-top-column elementor-element elementor-element-64ce8f4\" data-id=\"64ce8f4\" data-element_type=\"column\" data-settings=\"{&quot;background_background&quot;:&quot;classic&quot;}\">\n\t\t\t<div class=\"elementor-widget-wrap elementor-element-populated\">\n\t\t\t\t\t\t<div class=\"elementor-element elementor-element-89f405d elementor-widget__width-initial animated-fast elementor-invisible elementor-widget elementor-widget-heading\" data-id=\"89f405d\" data-element_type=\"widget\" data-settings=\"{&quot;_animation&quot;:&quot;fadeInUp&quot;,&quot;_animation_mobile&quot;:&quot;none&quot;}\" data-widget_type=\"heading.default\">\n\t\t\t\t<div class=\"elementor-widget-container\">\n\t\t\t\t\t<h2 class=\"elementor-heading-title elementor-size-default\">Firmenprofil<\/h2>\t\t\t\t<\/div>\n\t\t\t\t<\/div>\n\t\t\t\t\t<\/div>\n\t\t<\/div>\n\t\t\t\t\t<\/div>\n\t\t<\/section>\n\t\t\t\t<section class=\"elementor-section elementor-top-section elementor-element elementor-element-7f1b794 elementor-section-boxed elementor-section-height-default elementor-section-height-default\" data-id=\"7f1b794\" data-element_type=\"section\" data-settings=\"{&quot;background_background&quot;:&quot;classic&quot;}\">\n\t\t\t\t\t\t\t<div class=\"elementor-background-overlay\"><\/div>\n\t\t\t\t\t\t\t<div class=\"elementor-container elementor-column-gap-no\">\n\t\t\t\t\t<div class=\"elementor-column elementor-col-100 elementor-top-column elementor-element elementor-element-d20b637\" data-id=\"d20b637\" data-element_type=\"column\" data-settings=\"{&quot;background_background&quot;:&quot;classic&quot;}\">\n\t\t\t<div class=\"elementor-widget-wrap elementor-element-populated\">\n\t\t\t\t\t<div class=\"elementor-background-overlay\"><\/div>\n\t\t\t\t\t\t<section class=\"elementor-section elementor-inner-section elementor-element elementor-element-9d6ef86 elementor-section-full_width elementor-section-height-default elementor-section-height-default\" data-id=\"9d6ef86\" data-element_type=\"section\">\n\t\t\t\t\t\t\t<div class=\"elementor-background-overlay\"><\/div>\n\t\t\t\t\t\t\t<div class=\"elementor-container elementor-column-gap-no\">\n\t\t\t\t\t<div class=\"elementor-column elementor-col-50 elementor-inner-column elementor-element elementor-element-88aa2c3\" data-id=\"88aa2c3\" data-element_type=\"column\" data-settings=\"{&quot;background_background&quot;:&quot;classic&quot;}\">\n\t\t\t<div class=\"elementor-widget-wrap elementor-element-populated\">\n\t\t\t\t\t\t<section class=\"elementor-section elementor-inner-section elementor-element elementor-element-b7478fb elementor-section-content-middle elementor-section-boxed elementor-section-height-default elementor-section-height-default\" data-id=\"b7478fb\" data-element_type=\"section\">\n\t\t\t\t\t\t<div class=\"elementor-container elementor-column-gap-no\">\n\t\t\t\t\t<div class=\"elementor-column elementor-col-100 elementor-inner-column elementor-element elementor-element-839be3a\" data-id=\"839be3a\" data-element_type=\"column\">\n\t\t\t<div class=\"elementor-widget-wrap elementor-element-populated\">\n\t\t\t\t\t\t<div class=\"elementor-element elementor-element-c099550 elementor-widget elementor-widget-image\" data-id=\"c099550\" data-element_type=\"widget\" data-widget_type=\"image.default\">\n\t\t\t\t<div class=\"elementor-widget-container\">\n\t\t\t\t\t\t\t\t\t\t\t\t\t\t\t<img fetchpriority=\"high\" decoding=\"async\" width=\"720\" height=\"795\" src=\"https:\/\/jiangbosigns.com\/wp-content\/uploads\/2025\/07\/about-us.jpg\" class=\"attachment-large size-large wp-image-25751\" alt=\"\" srcset=\"https:\/\/jiangbosigns.com\/wp-content\/uploads\/2025\/07\/about-us.jpg 720w, https:\/\/jiangbosigns.com\/wp-content\/uploads\/2025\/07\/about-us-272x300.jpg 272w\" sizes=\"(max-width: 720px) 100vw, 720px\" \/>\t\t\t\t\t\t\t\t\t\t\t\t\t\t\t<\/div>\n\t\t\t\t<\/div>\n\t\t\t\t\t<\/div>\n\t\t<\/div>\n\t\t\t\t\t<\/div>\n\t\t<\/section>\n\t\t\t\t\t<\/div>\n\t\t<\/div>\n\t\t\t\t<div class=\"elementor-column elementor-col-50 elementor-inner-column elementor-element elementor-element-ea7cc34\" data-id=\"ea7cc34\" data-element_type=\"column\" data-settings=\"{&quot;background_background&quot;:&quot;classic&quot;}\">\n\t\t\t<div class=\"elementor-widget-wrap elementor-element-populated\">\n\t\t\t\t\t\t<div class=\"elementor-element elementor-element-256b60f elementor-widget__width-initial animated-fast elementor-widget-tablet__width-inherit elementor-invisible elementor-widget elementor-widget-heading\" data-id=\"256b60f\" data-element_type=\"widget\" data-settings=\"{&quot;_animation&quot;:&quot;fadeInRight&quot;,&quot;_animation_mobile&quot;:&quot;none&quot;}\" data-widget_type=\"heading.default\">\n\t\t\t\t<div class=\"elementor-widget-container\">\n\t\t\t\t\t<p class=\"elementor-heading-title elementor-size-default\">Jiangbo ist ein professioneller Hersteller, der sich auf Boden- und Wandsignalisierungsl\u00f6sungen spezialisiert hat und Schulen, Krankenh\u00e4user, Fabriken und Gewerbefl\u00e4chen bedient. Wir haben uns verpflichtet, die r\u00e4umliche Organisation und das Benutzererlebnis durch hochwertige Materialien und kundenspezifische Dienstleistungen zu verbessern. <\/p>\t\t\t\t<\/div>\n\t\t\t\t<\/div>\n\t\t\t\t\t<\/div>\n\t\t<\/div>\n\t\t\t\t\t<\/div>\n\t\t<\/section>\n\t\t\t\t\t<\/div>\n\t\t<\/div>\n\t\t\t\t\t<\/div>\n\t\t<\/section>\n\t\t\t\t<section class=\"elementor-section elementor-top-section elementor-element elementor-element-0ea0459 elementor-section-height-min-height animated-fast elementor-section-boxed elementor-section-height-default elementor-section-items-middle elementor-invisible\" data-id=\"0ea0459\" data-element_type=\"section\" data-settings=\"{&quot;animation&quot;:&quot;fadeInRight&quot;,&quot;animation_delay&quot;:0}\">\n\t\t\t\t\t\t<div class=\"elementor-container elementor-column-gap-no\">\n\t\t\t\t\t<div class=\"elementor-column elementor-col-100 elementor-top-column elementor-element elementor-element-02a45c3\" data-id=\"02a45c3\" data-element_type=\"column\">\n\t\t\t<div class=\"elementor-widget-wrap elementor-element-populated\">\n\t\t\t\t\t\t<div class=\"elementor-element elementor-element-fa304e0 elementor-pagination-type-progressbar animated-fast elementor-testimonial--skin-default elementor-testimonial--layout-image_inline elementor-widget elementor-widget-testimonial-carousel\" data-id=\"fa304e0\" data-element_type=\"widget\" data-settings=\"{&quot;pagination&quot;:&quot;progressbar&quot;,&quot;slides_per_view&quot;:&quot;3&quot;,&quot;autoplay_speed&quot;:3000,&quot;_animation&quot;:&quot;none&quot;,&quot;space_between&quot;:{&quot;unit&quot;:&quot;px&quot;,&quot;size&quot;:60,&quot;sizes&quot;:[]},&quot;slides_per_view_tablet&quot;:&quot;2&quot;,&quot;slides_per_view_mobile&quot;:&quot;1&quot;,&quot;space_between_mobile&quot;:{&quot;unit&quot;:&quot;px&quot;,&quot;size&quot;:30,&quot;sizes&quot;:[]},&quot;speed&quot;:500,&quot;autoplay&quot;:&quot;yes&quot;,&quot;pause_on_interaction&quot;:&quot;yes&quot;,&quot;space_between_tablet&quot;:{&quot;unit&quot;:&quot;px&quot;,&quot;size&quot;:10,&quot;sizes&quot;:[]}}\" data-widget_type=\"testimonial-carousel.default\">\n\t\t\t\t<div class=\"elementor-widget-container\">\n\t\t\t\t\t\t\t\t\t<div class=\"elementor-swiper\">\n\t\t\t\t\t<div class=\"elementor-main-swiper swiper\" role=\"region\" aria-roledescription=\"carousel\" aria-label=\"Slides\">\n\t\t\t\t<div class=\"swiper-wrapper\">\n\t\t\t\t\t\t\t\t\t\t\t<div class=\"swiper-slide\" role=\"group\" aria-roledescription=\"slide\">\n\t\t\t\t\t\t\t\t\t<div class=\"elementor-testimonial\">\n\t\t\t\t\t\t<div class=\"elementor-testimonial__footer\">\n\t\t\t\t\t\t\t\t\t<div class=\"elementor-testimonial__image\">\n\t\t\t\t\t\t<img decoding=\"async\" src=\"https:\/\/jiangbosigns.com\/wp-content\/uploads\/2025\/08\/2014-1.png\" alt=\"&lt;span style=&quot;font-size:100px&quot;&gt;2010\u20132014&lt;\/span&gt;&lt;br&gt;&lt;br&gt;Gr\u00fcndung und Grundlagenaufbau\">\n\t\t\t\t\t\t\t\t\t\t\t<\/div>\n\t\t\t\t\t\t\t\t<cite class=\"elementor-testimonial__cite\"><span class=\"elementor-testimonial__name\"><span style=\"font-size:100px\">2010\u20132014<\/span><br><br>Gr\u00fcndung und Grundlagenaufbau<\/span><span class=\"elementor-testimonial__title\">Im Oktober 2010 wurde das Unternehmen gegr\u00fcndet, mit dem Schwerpunkt auf Grafik- und Werbedruck, und bot Design-, Produktions- und Installationsdienstleistungen f\u00fcr Kunden in der Region an. Jahrelange Erfahrung in der Materialanpassung und praktischen Umsetzung legte den Grundstein f\u00fcr den sp\u00e4teren Eintritt in den professionellen Bodenmarkierungssektor. <\/span><\/cite>\t\t\t<\/div>\n\t\t<\/div>\n\t\t\t\t\t\t\t\t<\/div>\n\t\t\t\t\t\t\t\t\t\t\t<div class=\"swiper-slide\" role=\"group\" aria-roledescription=\"slide\">\n\t\t\t\t\t\t\t\t\t<div class=\"elementor-testimonial\">\n\t\t\t\t\t\t<div class=\"elementor-testimonial__footer\">\n\t\t\t\t\t\t\t\t\t<div class=\"elementor-testimonial__image\">\n\t\t\t\t\t\t<img decoding=\"async\" src=\"https:\/\/jiangbosigns.com\/wp-content\/uploads\/2025\/08\/1-1.png\" alt=\"&lt;span style=&quot;font-size:100px&quot;&gt;2015&lt;\/span&gt;&lt;br&gt;&lt;br&gt;&lt;br&gt;Start im E-Commerce und Produktschwerpunkt\">\n\t\t\t\t\t\t\t\t\t\t\t<\/div>\n\t\t\t\t\t\t\t\t<cite class=\"elementor-testimonial__cite\"><span class=\"elementor-testimonial__name\"><span style=\"font-size:100px\">2015<\/span><br><br><br>Start im E-Commerce und Produktschwerpunkt<\/span><span class=\"elementor-testimonial__title\">Offizieller Start des Taobao-Gesch\u00e4fts mit Fokus auf den Nischenbereich Bodenwerbung; Einf\u00fchrung einer hochpr\u00e4zisen Gro\u00dfformatdrucklinie (Canon imagePROGRAF iPF831), um eine feinere Bildqualit\u00e4t zu erzielen und fr\u00fche Probleme mit unzureichender Klarheit und Farbkonstanz bei Bodenaufklebern zu l\u00f6sen. <\/span><\/cite>\t\t\t<\/div>\n\t\t<\/div>\n\t\t\t\t\t\t\t\t<\/div>\n\t\t\t\t\t\t\t\t\t\t\t<div class=\"swiper-slide\" role=\"group\" aria-roledescription=\"slide\">\n\t\t\t\t\t\t\t\t\t<div class=\"elementor-testimonial\">\n\t\t\t\t\t\t<div class=\"elementor-testimonial__footer\">\n\t\t\t\t\t\t\t\t\t<div class=\"elementor-testimonial__image\">\n\t\t\t\t\t\t<img decoding=\"async\" src=\"https:\/\/jiangbosigns.com\/wp-content\/uploads\/2025\/08\/2016.png\" alt=\"&lt;span style=&quot;font-size:100px&quot;&gt;2016&lt;\/span&gt;&lt;br&gt;&lt;br&gt;Industrialisierte Produktion und Qualit\u00e4tsverbesserung\">\n\t\t\t\t\t\t\t\t\t\t\t<\/div>\n\t\t\t\t\t\t\t\t<cite class=\"elementor-testimonial__cite\"><span class=\"elementor-testimonial__name\"><span style=\"font-size:100px\">2016<\/span><br><br>Industrialisierte Produktion und Qualit\u00e4tsverbesserung<\/span><span class=\"elementor-testimonial__title\">Umstellung auf industrielle Serienproduktion, Einf\u00fchrung japanischer Roland-Gro\u00dfformatdrucker zur systematischen L\u00f6sung von Problemen mit dem Ausbleichen von Bodenmarkierungen und der Lieferung gro\u00dfer Mengen.<\/span><\/cite>\t\t\t<\/div>\n\t\t<\/div>\n\t\t\t\t\t\t\t\t<\/div>\n\t\t\t\t\t\t\t\t\t\t\t<div class=\"swiper-slide\" role=\"group\" aria-roledescription=\"slide\">\n\t\t\t\t\t\t\t\t\t<div class=\"elementor-testimonial\">\n\t\t\t\t\t\t<div class=\"elementor-testimonial__footer\">\n\t\t\t\t\t\t\t\t\t<div class=\"elementor-testimonial__image\">\n\t\t\t\t\t\t<img decoding=\"async\" src=\"https:\/\/jiangbosigns.com\/wp-content\/uploads\/2025\/08\/2018.png\" alt=\"&lt;span style=&quot;font-size:100px&quot;&gt;2017&lt;\/span&gt;&lt;br&gt;&lt;br&gt;Markenaufbau und vielf\u00e4ltige Produktionskapazit\u00e4ten\">\n\t\t\t\t\t\t\t\t\t\t\t<\/div>\n\t\t\t\t\t\t\t\t<cite class=\"elementor-testimonial__cite\"><span class=\"elementor-testimonial__name\"><span style=\"font-size:100px\">2017<\/span><br><br>Markenaufbau und vielf\u00e4ltige Produktionskapazit\u00e4ten<\/span><span class=\"elementor-testimonial__title\">Registrierung von Jiangbo Signage (Suzhou) Co., Ltd. und der Marke \u201eJiangbo\u201c; Massenanschaffung von Epson SureColor S80680 Gro\u00dfformatdruckern mit hoher Pr\u00e4zision sowie Hochgeschwindigkeits-Digital-Schneideanlagen; Aufbau eines standardisierten Prozesses von F&amp;E \u00fcber Produktion und Qualit\u00e4tskontrolle bis zur Lieferung, wodurch die Farbkonstanz, die Vielfalt von Gr\u00f6\u00dfen\/Formen und die Liefereffizienz deutlich verbessert wurden. <\/span><\/cite>\t\t\t<\/div>\n\t\t<\/div>\n\t\t\t\t\t\t\t\t<\/div>\n\t\t\t\t\t\t\t\t\t\t\t<div class=\"swiper-slide\" role=\"group\" aria-roledescription=\"slide\">\n\t\t\t\t\t\t\t\t\t<div class=\"elementor-testimonial\">\n\t\t\t\t\t\t<div class=\"elementor-testimonial__footer\">\n\t\t\t\t\t\t\t\t\t<div class=\"elementor-testimonial__image\">\n\t\t\t\t\t\t<img decoding=\"async\" src=\"https:\/\/jiangbosigns.com\/wp-content\/uploads\/2025\/08\/6-2.png\" alt=\"&lt;span style=&quot;font-size:100px&quot;&gt;2018&lt;\/span&gt;&lt;br&gt;&lt;br&gt;Kanalaufwertung und druckfeste L\u00f6sungen\">\n\t\t\t\t\t\t\t\t\t\t\t<\/div>\n\t\t\t\t\t\t\t\t<cite class=\"elementor-testimonial__cite\"><span class=\"elementor-testimonial__name\"><span style=\"font-size:100px\">2018<\/span><br><br>Kanalaufwertung und druckfeste L\u00f6sungen<\/span><span class=\"elementor-testimonial__title\">Er\u00f6ffnung eines Tmall-Flagship-Stores; Einf\u00fchrung importierter Mimaki-UV-Druckanlagen; Markteinf\u00fchrung von druckfesten Bodenaufklebern und Mehrzweckl\u00f6sungen f\u00fcr Industrie, Einkaufszentren, Schulen, Krankenh\u00e4user und andere stark beanspruchte Fl\u00e4chen, um langlebigere Beschilderungsprodukte anzubieten.  <\/span><\/cite>\t\t\t<\/div>\n\t\t<\/div>\n\t\t\t\t\t\t\t\t<\/div>\n\t\t\t\t\t\t\t\t\t\t\t<div class=\"swiper-slide\" role=\"group\" aria-roledescription=\"slide\">\n\t\t\t\t\t\t\t\t\t<div class=\"elementor-testimonial\">\n\t\t\t\t\t\t<div class=\"elementor-testimonial__footer\">\n\t\t\t\t\t\t\t\t\t<div class=\"elementor-testimonial__image\">\n\t\t\t\t\t\t<img decoding=\"async\" src=\"https:\/\/jiangbosigns.com\/wp-content\/uploads\/2025\/08\/3.png\" alt=\"&lt;span style=&quot;font-size:100px&quot;&gt;2019&lt;\/span&gt;&lt;br&gt;&lt;br&gt;Regionale Expansion und Anpassung an komplexe B\u00f6den\">\n\t\t\t\t\t\t\t\t\t\t\t<\/div>\n\t\t\t\t\t\t\t\t<cite class=\"elementor-testimonial__cite\"><span class=\"elementor-testimonial__name\"><span style=\"font-size:100px\">2019<\/span><br><br>Regionale Expansion und Anpassung an komplexe B\u00f6den<\/span><span class=\"elementor-testimonial__title\">Gr\u00fcndung einer Niederlassung in Zhengzhou, Entwicklung von Produkten f\u00fcr raue Oberfl\u00e4chen, Verbesserung der Zuverl\u00e4ssigkeit auf Beton-, Asphalt- und anderen schwierigen Untergr\u00fcnden.<\/span><\/cite>\t\t\t<\/div>\n\t\t<\/div>\n\t\t\t\t\t\t\t\t<\/div>\n\t\t\t\t\t\t\t\t\t\t\t<div class=\"swiper-slide\" role=\"group\" aria-roledescription=\"slide\">\n\t\t\t\t\t\t\t\t\t<div class=\"elementor-testimonial\">\n\t\t\t\t\t\t<div class=\"elementor-testimonial__footer\">\n\t\t\t\t\t\t\t\t\t<div class=\"elementor-testimonial__image\">\n\t\t\t\t\t\t<img decoding=\"async\" src=\"https:\/\/jiangbosigns.com\/wp-content\/uploads\/2025\/08\/2020.png\" alt=\"&lt;span style=&quot;font-size:100px&quot;&gt;2020&lt;\/span&gt;&lt;br&gt;&lt;br&gt;Verbesserung der digitalen F\u00e4higkeiten\">\n\t\t\t\t\t\t\t\t\t\t\t<\/div>\n\t\t\t\t\t\t\t\t<cite class=\"elementor-testimonial__cite\"><span class=\"elementor-testimonial__name\"><span style=\"font-size:100px\">2020<\/span><br><br>Verbesserung der digitalen F\u00e4higkeiten<\/span><span class=\"elementor-testimonial__title\">Organisation von Teamtrainings im Alibaba-E-Commerce-System, um die Online-Betriebs- und digitalen Vertriebskapazit\u00e4ten umfassend zu steigern.<\/span><\/cite>\t\t\t<\/div>\n\t\t<\/div>\n\t\t\t\t\t\t\t\t<\/div>\n\t\t\t\t\t\t\t\t\t\t\t<div class=\"swiper-slide\" role=\"group\" aria-roledescription=\"slide\">\n\t\t\t\t\t\t\t\t\t<div class=\"elementor-testimonial\">\n\t\t\t\t\t\t<div class=\"elementor-testimonial__footer\">\n\t\t\t\t\t\t\t\t\t<div class=\"elementor-testimonial__image\">\n\t\t\t\t\t\t<img decoding=\"async\" src=\"https:\/\/jiangbosigns.com\/wp-content\/uploads\/2025\/08\/4-1.png\" alt=\"&lt;span style=&quot;font-size:100px&quot;&gt;2021&lt;\/span&gt;&lt;br&gt;&lt;br&gt;Industrieerweiterung und technische F\u00e4higkeiten\">\n\t\t\t\t\t\t\t\t\t\t\t<\/div>\n\t\t\t\t\t\t\t\t<cite class=\"elementor-testimonial__cite\"><span class=\"elementor-testimonial__name\"><span style=\"font-size:100px\">2021<\/span><br><br>Industrieerweiterung und technische F\u00e4higkeiten<\/span><span class=\"elementor-testimonial__title\">Gr\u00fcndung von Jiangbo Mould in Shenzhen, um die technischen F\u00e4higkeiten von \u201eMaterial \u2013 Struktur \u2013 Anwendung\u201c zu integrieren und die Produktion von Spezialmaterialien und ma\u00dfgeschneiderten Strukturen zu unterst\u00fctzen.<\/span><\/cite>\t\t\t<\/div>\n\t\t<\/div>\n\t\t\t\t\t\t\t\t<\/div>\n\t\t\t\t\t\t\t\t\t\t\t<div class=\"swiper-slide\" role=\"group\" aria-roledescription=\"slide\">\n\t\t\t\t\t\t\t\t\t<div class=\"elementor-testimonial\">\n\t\t\t\t\t\t<div class=\"elementor-testimonial__footer\">\n\t\t\t\t\t\t\t\t\t<div class=\"elementor-testimonial__image\">\n\t\t\t\t\t\t<img decoding=\"async\" src=\"https:\/\/jiangbosigns.com\/wp-content\/uploads\/2025\/08\/2022.png\" alt=\"&lt;span style=&quot;font-size:100px&quot;&gt;2022&lt;\/span&gt;&lt;br&gt;&lt;br&gt;S\u00fcdliche Expansion und Hochstandardpr\u00fcfung\">\n\t\t\t\t\t\t\t\t\t\t\t<\/div>\n\t\t\t\t\t\t\t\t<cite class=\"elementor-testimonial__cite\"><span class=\"elementor-testimonial__name\"><span style=\"font-size:100px\">2022<\/span><br><br>S\u00fcdliche Expansion und Hochstandardpr\u00fcfung<\/span><span class=\"elementor-testimonial__title\">Errichtung einer Niederlassung in Shenzhen und Unterzeichnung einer Outsourcing-Produktionsst\u00e4tte; Abschluss eines langfristigen Servicevertrags mit Zhuhai MTU Aero Engines Maintenance Co., Ltd., wodurch Qualit\u00e4t und Lieferf\u00e4higkeit hohen Branchenstandards standhalten. <\/span><\/cite>\t\t\t<\/div>\n\t\t<\/div>\n\t\t\t\t\t\t\t\t<\/div>\n\t\t\t\t\t\t\t\t\t\t\t<div class=\"swiper-slide\" role=\"group\" aria-roledescription=\"slide\">\n\t\t\t\t\t\t\t\t\t<div class=\"elementor-testimonial\">\n\t\t\t\t\t\t<div class=\"elementor-testimonial__footer\">\n\t\t\t\t\t\t\t\t\t<div class=\"elementor-testimonial__image\">\n\t\t\t\t\t\t<img decoding=\"async\" src=\"https:\/\/jiangbosigns.com\/wp-content\/uploads\/2025\/08\/5.png\" alt=\"&lt;span style=&quot;font-size:100px&quot;&gt;2023&lt;\/span&gt;&lt;br&gt;&lt;br&gt;Materialaufr\u00fcstung und Durchbruch bei hoher Belastung\">\n\t\t\t\t\t\t\t\t\t\t\t<\/div>\n\t\t\t\t\t\t\t\t<cite class=\"elementor-testimonial__cite\"><span class=\"elementor-testimonial__name\"><span style=\"font-size:100px\">2023<\/span><br><br>Materialaufr\u00fcstung und Durchbruch bei hoher Belastung<\/span><span class=\"elementor-testimonial__title\">Eigenentwicklung eines Bodenaufklebersystems aus Polycarbonat, das dem \u00dcberfahren durch 8-Tonnen-Gabelstapler und starkem Verkehrsaufkommen standh\u00e4lt.<\/span><\/cite>\t\t\t<\/div>\n\t\t<\/div>\n\t\t\t\t\t\t\t\t<\/div>\n\t\t\t\t\t\t\t\t\t\t\t<div class=\"swiper-slide\" role=\"group\" aria-roledescription=\"slide\">\n\t\t\t\t\t\t\t\t\t<div class=\"elementor-testimonial\">\n\t\t\t\t\t\t<div class=\"elementor-testimonial__footer\">\n\t\t\t\t\t\t\t\t\t<div class=\"elementor-testimonial__image\">\n\t\t\t\t\t\t<img decoding=\"async\" src=\"https:\/\/jiangbosigns.com\/wp-content\/uploads\/2025\/08\/2024.png\" alt=\"&lt;span style=&quot;font-size:100px&quot;&gt;2024&lt;\/span&gt;&lt;br&gt;&lt;br&gt;Mehrstandort-Kooperation und Landmark-Projekte\">\n\t\t\t\t\t\t\t\t\t\t\t<\/div>\n\t\t\t\t\t\t\t\t<cite class=\"elementor-testimonial__cite\"><span class=\"elementor-testimonial__name\"><span style=\"font-size:100px\">2024<\/span><br><br>Mehrstandort-Kooperation und Landmark-Projekte<\/span><span class=\"elementor-testimonial__title\">Unterzeichnung einer Outsourcing-Fabrik in Jiangxi, Aufbau einer vernetzten Mehrstandort-Produktionsstruktur; Fertigstellung des Bodenleitsystems f\u00fcr das Shuttlebus-Unternehmen der Hongkong\u2013Zhuhai\u2013Macao-Br\u00fccke. <\/span><\/cite>\t\t\t<\/div>\n\t\t<\/div>\n\t\t\t\t\t\t\t\t<\/div>\n\t\t\t\t\t\t\t\t\t\t\t<div class=\"swiper-slide\" role=\"group\" aria-roledescription=\"slide\">\n\t\t\t\t\t\t\t\t\t<div class=\"elementor-testimonial\">\n\t\t\t\t\t\t<div class=\"elementor-testimonial__footer\">\n\t\t\t\t\t\t\t\t\t<div class=\"elementor-testimonial__image\">\n\t\t\t\t\t\t<img decoding=\"async\" src=\"https:\/\/jiangbosigns.com\/wp-content\/uploads\/2025\/08\/2025.png\" alt=\"&lt;span style=&quot;font-size:100px&quot;&gt;2025&lt;\/span&gt;&lt;br&gt;&lt;br&gt;Globaler Service und kontinuierliche Innovation\">\n\t\t\t\t\t\t\t\t\t\t\t<\/div>\n\t\t\t\t\t\t\t\t<cite class=\"elementor-testimonial__cite\"><span class=\"elementor-testimonial__name\"><span style=\"font-size:100px\">2025<\/span><br><br>Globaler Service und kontinuierliche Innovation<\/span><span class=\"elementor-testimonial__title\">Gesch\u00e4ftsabdeckung in 12 L\u00e4ndern, darunter China, USA, Europa, Japan, Korea; j\u00e4hrliche Lieferung von 365.000 m\u00b2 Bodenmarkierungen, Wiederkaufsrate von 86,5 %; Materialien und Produktionsprozesse entsprechen internationalen Standards wie RoHS \/ REACH \/ ASTM D2047 \/ Brandschutzklasse \/ VOC-Pr\u00fcfung, Pr\u00fcfberichte auf Anfrage verf\u00fcgbar. Anwendungsszenarien umfassen Flugzeugwartung, Fertigungsanlagen, Schulen, Krankenh\u00e4user, Einkaufszentren und Verkehrsknotenpunkte; internationale Projekte umfassen US-Industriekunden, das Oktoberfest in den USA, Einkaufszentren in Singapur und Hotels in Malaysia.     <\/span><\/cite>\t\t\t<\/div>\n\t\t<\/div>\n\t\t\t\t\t\t\t\t<\/div>\n\t\t\t\t\t\t\t\t\t<\/div>\n\t\t\t\t\t\t\t\t\t\t\t\t\t\t\t\t\t\t\t\t<div class=\"swiper-pagination\"><\/div>\n\t\t\t\t\t\t\t\t\t\t\t\t<\/div>\n\t\t\t\t<\/div>\n\t\t\t\t\t\t\t\t<\/div>\n\t\t\t\t<\/div>\n\t\t\t\t\t<\/div>\n\t\t<\/div>\n\t\t\t\t\t<\/div>\n\t\t<\/section>\n\t\t\t\t<\/div>\n\t\t","protected":false},"excerpt":{"rendered":"<p>Jiangbo ist ein professioneller Hersteller, der sich auf Boden- und Wandsignalisierungsl\u00f6sungen spezialisiert hat und Schulen, Krankenh\u00e4user, Fabriken und Gewerbefl\u00e4chen bedient. Wir haben uns verpflichtet, die r\u00e4umliche Organisation und das Benutzererlebnis durch hochwertige Materialien und kundenspezifische Dienstleistungen zu verbessern. 2010\u20132014 Gr\u00fcndung und GrundlagenaufbauIm Oktober 2010 wurde das Unternehmen gegr\u00fcndet, mit dem Schwerpunkt auf Grafik- und Werbedruck, [&hellip;]<\/p>\n","protected":false},"author":1,"featured_media":0,"parent":0,"menu_order":0,"comment_status":"closed","ping_status":"closed","template":"elementor_header_footer","meta":{"footnotes":""},"class_list":["post-27288","page","type-page","status-publish","hentry"],"_links":{"self":[{"href":"https:\/\/jiangbosigns.com\/de\/wp-json\/wp\/v2\/pages\/27288","targetHints":{"allow":["GET"]}}],"collection":[{"href":"https:\/\/jiangbosigns.com\/de\/wp-json\/wp\/v2\/pages"}],"about":[{"href":"https:\/\/jiangbosigns.com\/de\/wp-json\/wp\/v2\/types\/page"}],"author":[{"embeddable":true,"href":"https:\/\/jiangbosigns.com\/de\/wp-json\/wp\/v2\/users\/1"}],"replies":[{"embeddable":true,"href":"https:\/\/jiangbosigns.com\/de\/wp-json\/wp\/v2\/comments?post=27288"}],"version-history":[{"count":4,"href":"https:\/\/jiangbosigns.com\/de\/wp-json\/wp\/v2\/pages\/27288\/revisions"}],"predecessor-version":[{"id":28816,"href":"https:\/\/jiangbosigns.com\/de\/wp-json\/wp\/v2\/pages\/27288\/revisions\/28816"}],"wp:attachment":[{"href":"https:\/\/jiangbosigns.com\/de\/wp-json\/wp\/v2\/media?parent=27288"}],"curies":[{"name":"wp","href":"https:\/\/api.w.org\/{rel}","templated":true}]}}